{"id":644,"date":"2022-10-17T16:05:55","date_gmt":"2022-10-17T16:05:55","guid":{"rendered":"https:\/\/dev.rmradgjof.is\/?page_id=644"},"modified":"2022-10-31T09:39:47","modified_gmt":"2022-10-31T09:39:47","slug":"thjonustunamskeid","status":"publish","type":"page","link":"https:\/\/rmradgjof.is\/index.php\/thjonustunamskeid\/","title":{"rendered":"\u00dej\u00f3nustun\u00e1mskei\u00f0"},"content":{"rendered":"\t\t<div data-elementor-type=\"wp-page\" data-elementor-id=\"644\" class=\"elementor elementor-644\">\n\t\t\t\t\t\t\t\t\t<section class=\"elementor-section elementor-top-section elementor-element elementor-element-6da4a0d5 elementor-section-boxed elementor-section-height-default elementor-section-height-default\" data-id=\"6da4a0d5\" data-element_type=\"section\">\n\t\t\t\t\t\t<div class=\"elementor-container elementor-column-gap-default\">\n\t\t\t\t\t<div class=\"elementor-column elementor-col-50 elementor-top-column elementor-element elementor-element-4306b490\" data-id=\"4306b490\" data-element_type=\"column\">\n\t\t\t<div class=\"elementor-widget-wrap elementor-element-populated\">\n\t\t\t\t\t\t\t\t<div class=\"elementor-element elementor-element-26fde840 elementor-widget elementor-widget-text-editor\" data-id=\"26fde840\" data-element_type=\"widget\" data-widget_type=\"text-editor.default\">\n\t\t\t\t<div class=\"elementor-widget-container\">\n\t\t\t<style>\/*! elementor - v3.17.0 - 08-11-2023 *\/\n.elementor-widget-text-editor.elementor-drop-cap-view-stacked .elementor-drop-cap{background-color:#69727d;color:#fff}.elementor-widget-text-editor.elementor-drop-cap-view-framed .elementor-drop-cap{color:#69727d;border:3px solid;background-color:transparent}.elementor-widget-text-editor:not(.elementor-drop-cap-view-default) .elementor-drop-cap{margin-top:8px}.elementor-widget-text-editor:not(.elementor-drop-cap-view-default) .elementor-drop-cap-letter{width:1em;height:1em}.elementor-widget-text-editor .elementor-drop-cap{float:left;text-align:center;line-height:1;font-size:50px}.elementor-widget-text-editor .elementor-drop-cap-letter{display:inline-block}<\/style>\t\t\t\t<h5>N\u00e1msmarkmi\u00f0<\/h5>\n<p>A\u00f0 kenna grunnatri\u00f0i \u00ed \u00fej\u00f3nustu og efla \u00fej\u00f3nustulund \u00fe\u00e1tttakenda. Unni\u00f0 er \u00fatfr\u00e1 \u00fev\u00ed a\u00f0 \u00fej\u00f3nusta er einn af lykil\u00e1rangurs\u00fe\u00e1ttum i rekstri fyrirt\u00e6kja.<br>\u00c1hersla er \u00e1 a\u00f0 n\u00e1lgast efni\u00f0 \u00fatfr\u00e1 vi\u00f0horfi og sj\u00e1lfstrausti \u00fe\u00e1tttakenda og hvernig vinna m\u00e1 me\u00f0 \u00feessa \u00fe\u00e6tti til a\u00f0 b\u00e6ta \u00fej\u00f3nustu \u00feeirra.<\/p>\n<h5>Kennsluform<\/h5>\n<p>Fyrirlestur, umr\u00e6\u00f0ur, verkefni, d\u00e6mis\u00f6gur og myndskei\u00f0.<\/p>\n<h5>LENGD N\u00c1MSKEI\u00d0S<\/h5>\n<p>N\u00e1mskei\u00f0i\u00f0 er 3 klst.<\/p>\n<p>\u00deetta n\u00e1mskei\u00f0 er einnig \u00ed bo\u00f0i sem vinnustofa (2&#215;3 klst.) og \u00fe\u00e1 er markmi\u00f0i\u00f0 a\u00f0 finna me\u00f0 \u00fe\u00e1tttakendum \u00fej\u00f3nustulykla\/gildi \u00ed \u00fej\u00f3nustu vi\u00f0komandi fyrirt\u00e6kis e\u00f0a unni\u00f0 me\u00f0 \u00feau gildi sem til eru.<\/p>\n<h5>N\u00c1MSKEI\u00d0SL\u00ddSING<\/h5>\n<p>\u00c1 n\u00e1mskei\u00f0inu er l\u00f6g\u00f0 \u00e1hersla \u00e1 mikilv\u00e6gi \u00feess a\u00f0 veita g\u00f3\u00f0a \u00fej\u00f3nustu. Komi\u00f0 ver\u00f0ur inn \u00e1 upplifun, kr\u00f6fur, \u00fearfir og trygg\u00f0 vi\u00f0skiptavinarins.<\/p>\n<p>Fari\u00f0 yfir atri\u00f0i sem starfsf\u00f3lk \u00fearf a\u00f0 b\u00faa yfir til a\u00f0 geta veitt g\u00f3\u00f0a \u00fej\u00f3nustu s.s. snyrtimennsku og framkomu, mikilv\u00e6gi fyrstu kynna, traust, samskipti, hlustun og fag\u00feekkingu.<\/p>\n<p>Einnig ver\u00f0ur fjalla\u00f0 um erfi\u00f0 samskipti vi\u00f0 vi\u00f0skiptavini og lei\u00f0ir til a\u00f0 leysa \u00feau \u00e1 fars\u00e6lan h\u00e1tt. Unni\u00f0 er me\u00f0 samspil s\u00f6lu og \u00fej\u00f3nustu.<\/p>\n<p>\u00de\u00e1tttakendur meta s\u00edna \u00fej\u00f3nustulund \u00fatfr\u00e1 \u00e1kve\u00f0num spurningum og vinna me\u00f0 \u00fe\u00e6r ni\u00f0urst\u00f6\u00f0ur \u00e1 n\u00e1mskei\u00f0inu.<\/p>\n<h5>LEI\u00d0BEINANDI<\/h5>\n<p>Ragnar Matth\u00edasson mannau\u00f0sr\u00e1\u00f0gjafi \u2013 MBA og MSc. \u00ed mannau\u00f0sstj\u00f3rnun.<\/p>\n<p>Ragnar hefur v\u00ed\u00f0t\u00e6ka reynslu af n\u00e1mskei\u00f0ahaldi og r\u00e1\u00f0gj\u00f6f. Hann hefur unni\u00f0 fyrir fj\u00f6lda fyrirt\u00e6kja af \u00fdmsum st\u00e6r\u00f0um og ger\u00f0um.<\/p>\n<h3><a href=\"https:\/\/rmradgjof.is\/index.php\/elementor-712\/\">Haf\u00f0u samband<\/a> og f\u00e1\u00f0u n\u00e1nari uppl\u00fdsingar um hva\u00f0 hentar \u00fe\u00ednum vinnusta\u00f0<\/h3>\n<p><\/p>\t\t\t\t\t\t<\/div>\n\t\t\t\t<\/div>\n\t\t\t\t\t<\/div>\n\t\t<\/div>\n\t\t\t\t<div class=\"elementor-column elementor-col-50 elementor-top-column elementor-element elementor-element-7df71aa2\" data-id=\"7df71aa2\" data-element_type=\"column\">\n\t\t\t<div class=\"elementor-widget-wrap elementor-element-populated\">\n\t\t\t\t\t\t\t\t<div class=\"elementor-element elementor-element-7c362c70 elementor-widget elementor-widget-image\" data-id=\"7c362c70\" data-element_type=\"widget\" data-widget_type=\"image.default\">\n\t\t\t\t<div class=\"elementor-widget-container\">\n\t\t\t<style>\/*! elementor - v3.17.0 - 08-11-2023 *\/\n.elementor-widget-image{text-align:center}.elementor-widget-image a{display:inline-block}.elementor-widget-image a img[src$=\".svg\"]{width:48px}.elementor-widget-image img{vertical-align:middle;display:inline-block}<\/style>\t\t\t\t\t\t\t\t\t<figure class=\"wp-caption\">\n\t\t\t\t\t\t\t\t\t\t<img loading=\"lazy\" decoding=\"async\" width=\"800\" height=\"741\" src=\"https:\/\/rmradgjof.is\/wp-content\/uploads\/2022\/01\/rm_hr-1024x949.jpg\" class=\"attachment-large size-large wp-image-354\" alt=\"\" srcset=\"https:\/\/rmradgjof.is\/wp-content\/uploads\/2022\/01\/rm_hr-1024x949.jpg 1024w, https:\/\/rmradgjof.is\/wp-content\/uploads\/2022\/01\/rm_hr-300x278.jpg 300w, https:\/\/rmradgjof.is\/wp-content\/uploads\/2022\/01\/rm_hr-768x712.jpg 768w, https:\/\/rmradgjof.is\/wp-content\/uploads\/2022\/01\/rm_hr.jpg 1200w\" sizes=\"auto, (max-width: 800px) 100vw, 800px\" \/>\t\t\t\t\t\t\t\t\t\t\t<figcaption class=\"widget-image-caption wp-caption-text\">N\u00e1mskei\u00f0 um \u00fej\u00f3nustu<\/figcaption>\n\t\t\t\t\t\t\t\t\t\t<\/figure>\n\t\t\t\t\t\t\t\t\t<\/div>\n\t\t\t\t<\/div>\n\t\t\t\t\t<\/div>\n\t\t<\/div>\n\t\t\t\t\t\t\t<\/div>\n\t\t<\/section>\n\t\t\t\t\t\t\t<\/div>\n\t\t","protected":false},"excerpt":{"rendered":"<p>N\u00e1msmarkmi\u00f0 A\u00f0 kenna grunnatri\u00f0i \u00ed \u00fej\u00f3nustu og efla \u00fej\u00f3nustulund \u00fe\u00e1tttakenda. Unni\u00f0 er \u00fatfr\u00e1 \u00fev\u00ed a\u00f0 \u00fej\u00f3nusta er einn af lykil\u00e1rangurs\u00fe\u00e1ttum i rekstri fyrirt\u00e6kja.\u00c1hersla er \u00e1 a\u00f0 n\u00e1lgast efni\u00f0 \u00fatfr\u00e1 vi\u00f0horfi og sj\u00e1lfstrausti \u00fe\u00e1tttakenda og hvernig vinna m\u00e1 me\u00f0 \u00feessa \u00fe\u00e6tti til a\u00f0 b\u00e6ta \u00fej\u00f3nustu \u00feeirra. Kennsluform Fyrirlestur, umr\u00e6\u00f0ur, verkefni, d\u00e6mis\u00f6gur og myndskei\u00f0. LENGD N\u00c1MSKEI\u00d0S N\u00e1mskei\u00f0i\u00f0 [&hellip;]<\/p>\n","protected":false},"author":1,"featured_media":0,"parent":0,"menu_order":0,"comment_status":"closed","ping_status":"closed","template":"elementor_header_footer","meta":{"footnotes":""},"class_list":["post-644","page","type-page","status-publish","hentry"],"_links":{"self":[{"href":"https:\/\/rmradgjof.is\/index.php\/wp-json\/wp\/v2\/pages\/644","targetHints":{"allow":["GET"]}}],"collection":[{"href":"https:\/\/rmradgjof.is\/index.php\/wp-json\/wp\/v2\/pages"}],"about":[{"href":"https:\/\/rmradgjof.is\/index.php\/wp-json\/wp\/v2\/types\/page"}],"author":[{"embeddable":true,"href":"https:\/\/rmradgjof.is\/index.php\/wp-json\/wp\/v2\/users\/1"}],"replies":[{"embeddable":true,"href":"https:\/\/rmradgjof.is\/index.php\/wp-json\/wp\/v2\/comments?post=644"}],"version-history":[{"count":25,"href":"https:\/\/rmradgjof.is\/index.php\/wp-json\/wp\/v2\/pages\/644\/revisions"}],"predecessor-version":[{"id":1281,"href":"https:\/\/rmradgjof.is\/index.php\/wp-json\/wp\/v2\/pages\/644\/revisions\/1281"}],"wp:attachment":[{"href":"https:\/\/rmradgjof.is\/index.php\/wp-json\/wp\/v2\/media?parent=644"}],"curies":[{"name":"wp","href":"https:\/\/api.w.org\/{rel}","templated":true}]}}