{"id":636,"date":"2022-10-17T16:05:12","date_gmt":"2022-10-17T16:05:12","guid":{"rendered":"https:\/\/dev.rmradgjof.is\/?page_id=636"},"modified":"2022-10-31T09:42:49","modified_gmt":"2022-10-31T09:42:49","slug":"stjornun-og-skipulag","status":"publish","type":"page","link":"https:\/\/rmradgjof.is\/index.php\/stjornun-og-skipulag\/","title":{"rendered":"Stj\u00f3rnun og skipulag"},"content":{"rendered":"\t\t<div data-elementor-type=\"wp-page\" data-elementor-id=\"636\" class=\"elementor elementor-636\">\n\t\t\t\t\t\t\t\t\t<section class=\"elementor-section elementor-top-section elementor-element elementor-element-50ec406a elementor-section-boxed elementor-section-height-default elementor-section-height-default\" data-id=\"50ec406a\" data-element_type=\"section\">\n\t\t\t\t\t\t<div class=\"elementor-container elementor-column-gap-default\">\n\t\t\t\t\t<div class=\"elementor-column elementor-col-50 elementor-top-column elementor-element elementor-element-51e126f7\" data-id=\"51e126f7\" data-element_type=\"column\">\n\t\t\t<div class=\"elementor-widget-wrap elementor-element-populated\">\n\t\t\t\t\t\t\t\t<div class=\"elementor-element elementor-element-40eb4948 elementor-widget elementor-widget-text-editor\" data-id=\"40eb4948\" data-element_type=\"widget\" data-widget_type=\"text-editor.default\">\n\t\t\t\t<div class=\"elementor-widget-container\">\n\t\t\t<style>\/*! elementor - v3.17.0 - 08-11-2023 *\/\n.elementor-widget-text-editor.elementor-drop-cap-view-stacked .elementor-drop-cap{background-color:#69727d;color:#fff}.elementor-widget-text-editor.elementor-drop-cap-view-framed .elementor-drop-cap{color:#69727d;border:3px solid;background-color:transparent}.elementor-widget-text-editor:not(.elementor-drop-cap-view-default) .elementor-drop-cap{margin-top:8px}.elementor-widget-text-editor:not(.elementor-drop-cap-view-default) .elementor-drop-cap-letter{width:1em;height:1em}.elementor-widget-text-editor .elementor-drop-cap{float:left;text-align:center;line-height:1;font-size:50px}.elementor-widget-text-editor .elementor-drop-cap-letter{display:inline-block}<\/style>\t\t\t\t<h5>N\u00c1MSMARKMI\u00d0<\/h5>\n<p>A\u00f0 gera stj\u00f3rnendur me\u00f0vita\u00f0ri um eigin t\u00edmastj\u00f3rnun og vinnuskipulag \u00e1samt \u00fev\u00ed a\u00f0 vekja \u00fe\u00e1 til umhugsunar um hvernig \u00feeir st\u00fdra s\u00ednu starfsf\u00f3lki, me\u00f0 \u00fea\u00f0 a\u00f0 markmi\u00f0i a\u00f0 gera \u00fe\u00e1 a\u00f0 \u00f6flugri stj\u00f3rnendum.<\/p>\n<h5>KENNSLUFORM<\/h5>\n<p>Fyrirlestur, umr\u00e6\u00f0ur, verkefni, d\u00e6mis\u00f6gur og myndskei\u00f0. \u00c1 \u00feessu n\u00e1mskei\u00f0i er gert r\u00e1\u00f0 fyrir a\u00f0 \u00fe\u00e1tttakendur vinni verkefni milli n\u00e1mskei\u00f0sdaga<\/p>\n<h5>LENGD N\u00c1MSKEI\u00d0S<\/h5>\n<p>N\u00e1mskei\u00f0i\u00f0 er 6 klst. (2\u00d73 klst.).<\/p>\n<h5>N\u00c1MSKEI\u00d0SL\u00ddSING<\/h5>\n<p>N\u00e1mskei\u00f0 er tv\u00edskipt:<\/p>\n<p>Fyrri parturinn sn\u00fdr a\u00f0 eigin stj\u00f3rnun. Hvernig vi\u00f0 st\u00fdrum vinnu okkar, verkefnum og t\u00edma, og hvernig vi\u00f0 komumst yfir \u00f6ll \u00feau verkefni sem liggja fyrir? Unni\u00f0 er m.a. me\u00f0&nbsp;markmi\u00f0asetningu og yfirf\u00e6rslu hennar \u00e1 dagleg st\u00f6rf \u00fe\u00e1tttakenda. Til a\u00f0 greina&nbsp;mikilv\u00e6gi verkefna og skipulag \u00e1 \u00feeim er m. a fari\u00f0 \u00ed Paretol\u00f6gm\u00e1li\u00f0 og verkefnalista.<\/p>\n<p>\u00cd seinni hluta n\u00e1mskei\u00f0sins er stj\u00f3rnun starfsf\u00f3lks tekin fyrir.&nbsp; Listin a\u00f0 stj\u00f3rna s\u00e9r og \u00f6\u00f0rum, hvernig vi\u00f0 sem stj\u00f3rnendur getum haft \u00e1hrif \u00e1 starfsf\u00f3lk, l\u00ed\u00f0an \u00feeirra og afk\u00f6st. Fari\u00f0 \u00ed grunnatri\u00f0i stj\u00f3rnunar, a\u00f0fer\u00f0ir, v\u00f6ld, \u00e1byrg\u00f0 og lei\u00f0ir til a\u00f0 koma hlutum \u00ed verk og l\u00e1ta gott af s\u00e9r lei\u00f0a.&nbsp;<\/p>\n<h5>LEI\u00d0BEINANDI<\/h5>\n<p>Ragnar Matth\u00edasson mannau\u00f0sr\u00e1\u00f0gjafi \u2013 MBA og MSc. \u00ed mannau\u00f0sstj\u00f3rnun.&nbsp;<span style=\"color: var( --e-global-color-text ); font-family: var( --e-global-typography-text-font-family ), Sans-serif; font-weight: var( --e-global-typography-text-font-weight );\">Ragnar hefur v\u00ed\u00f0t\u00e6ka reynslu af n\u00e1mskei\u00f0ahaldi og r\u00e1\u00f0gj\u00f6f. Hann hefur unni\u00f0 fyrir fj\u00f6lda fyrirt\u00e6kja af \u00fdmsum st\u00e6r\u00f0um og ger\u00f0um<\/span><\/p>\n<h3><a href=\"https:\/\/rmradgjof.is\/index.php\/elementor-712\/\">Haf\u00f0u samband<\/a> og f\u00e1\u00f0u n\u00e1nari uppl\u00fdsingar um hva\u00f0 hentar \u00fe\u00ednum vinnusta\u00f0<\/h3>\t\t\t\t\t\t<\/div>\n\t\t\t\t<\/div>\n\t\t\t\t\t<\/div>\n\t\t<\/div>\n\t\t\t\t<div class=\"elementor-column elementor-col-50 elementor-top-column elementor-element elementor-element-4d58afbb\" data-id=\"4d58afbb\" data-element_type=\"column\">\n\t\t\t<div class=\"elementor-widget-wrap elementor-element-populated\">\n\t\t\t\t\t\t\t\t<div class=\"elementor-element elementor-element-7f08d0c7 elementor-widget elementor-widget-image\" data-id=\"7f08d0c7\" data-element_type=\"widget\" data-widget_type=\"image.default\">\n\t\t\t\t<div class=\"elementor-widget-container\">\n\t\t\t<style>\/*! elementor - v3.17.0 - 08-11-2023 *\/\n.elementor-widget-image{text-align:center}.elementor-widget-image a{display:inline-block}.elementor-widget-image a img[src$=\".svg\"]{width:48px}.elementor-widget-image img{vertical-align:middle;display:inline-block}<\/style>\t\t\t\t\t\t\t\t\t<figure class=\"wp-caption\">\n\t\t\t\t\t\t\t\t\t\t<img loading=\"lazy\" decoding=\"async\" width=\"800\" height=\"534\" src=\"https:\/\/rmradgjof.is\/wp-content\/uploads\/2022\/10\/Ragnar_tolv-1024x684.jpg\" class=\"attachment-large size-large wp-image-1181\" alt=\"\" srcset=\"https:\/\/rmradgjof.is\/wp-content\/uploads\/2022\/10\/Ragnar_tolv-1024x684.jpg 1024w, https:\/\/rmradgjof.is\/wp-content\/uploads\/2022\/10\/Ragnar_tolv-300x200.jpg 300w, https:\/\/rmradgjof.is\/wp-content\/uploads\/2022\/10\/Ragnar_tolv-768x513.jpg 768w, https:\/\/rmradgjof.is\/wp-content\/uploads\/2022\/10\/Ragnar_tolv-1536x1025.jpg 1536w, https:\/\/rmradgjof.is\/wp-content\/uploads\/2022\/10\/Ragnar_tolv.jpg 2048w\" sizes=\"auto, (max-width: 800px) 100vw, 800px\" \/>\t\t\t\t\t\t\t\t\t\t\t<figcaption class=\"widget-image-caption wp-caption-text\">N\u00e1mskei\u00f0 um stj\u00f3rnun og skipulag<\/figcaption>\n\t\t\t\t\t\t\t\t\t\t<\/figure>\n\t\t\t\t\t\t\t\t\t<\/div>\n\t\t\t\t<\/div>\n\t\t\t\t\t<\/div>\n\t\t<\/div>\n\t\t\t\t\t\t\t<\/div>\n\t\t<\/section>\n\t\t\t\t\t\t\t<\/div>\n\t\t","protected":false},"excerpt":{"rendered":"<p>N\u00c1MSMARKMI\u00d0 A\u00f0 gera stj\u00f3rnendur me\u00f0vita\u00f0ri um eigin t\u00edmastj\u00f3rnun og vinnuskipulag \u00e1samt \u00fev\u00ed a\u00f0 vekja \u00fe\u00e1 til umhugsunar um hvernig \u00feeir st\u00fdra s\u00ednu starfsf\u00f3lki, me\u00f0 \u00fea\u00f0 a\u00f0 markmi\u00f0i a\u00f0 gera \u00fe\u00e1 a\u00f0 \u00f6flugri stj\u00f3rnendum. KENNSLUFORM Fyrirlestur, umr\u00e6\u00f0ur, verkefni, d\u00e6mis\u00f6gur og myndskei\u00f0. \u00c1 \u00feessu n\u00e1mskei\u00f0i er gert r\u00e1\u00f0 fyrir a\u00f0 \u00fe\u00e1tttakendur vinni verkefni milli n\u00e1mskei\u00f0sdaga LENGD N\u00c1MSKEI\u00d0S [&hellip;]<\/p>\n","protected":false},"author":1,"featured_media":0,"parent":0,"menu_order":0,"comment_status":"closed","ping_status":"closed","template":"elementor_header_footer","meta":{"footnotes":""},"class_list":["post-636","page","type-page","status-publish","hentry"],"_links":{"self":[{"href":"https:\/\/rmradgjof.is\/index.php\/wp-json\/wp\/v2\/pages\/636","targetHints":{"allow":["GET"]}}],"collection":[{"href":"https:\/\/rmradgjof.is\/index.php\/wp-json\/wp\/v2\/pages"}],"about":[{"href":"https:\/\/rmradgjof.is\/index.php\/wp-json\/wp\/v2\/types\/page"}],"author":[{"embeddable":true,"href":"https:\/\/rmradgjof.is\/index.php\/wp-json\/wp\/v2\/users\/1"}],"replies":[{"embeddable":true,"href":"https:\/\/rmradgjof.is\/index.php\/wp-json\/wp\/v2\/comments?post=636"}],"version-history":[{"count":28,"href":"https:\/\/rmradgjof.is\/index.php\/wp-json\/wp\/v2\/pages\/636\/revisions"}],"predecessor-version":[{"id":1284,"href":"https:\/\/rmradgjof.is\/index.php\/wp-json\/wp\/v2\/pages\/636\/revisions\/1284"}],"wp:attachment":[{"href":"https:\/\/rmradgjof.is\/index.php\/wp-json\/wp\/v2\/media?parent=636"}],"curies":[{"name":"wp","href":"https:\/\/api.w.org\/{rel}","templated":true}]}}