{"id":628,"date":"2022-10-17T16:04:20","date_gmt":"2022-10-17T16:04:20","guid":{"rendered":"https:\/\/dev.rmradgjof.is\/?page_id=628"},"modified":"2026-02-27T13:45:28","modified_gmt":"2026-02-27T13:45:28","slug":"stjornendanamskeid","status":"publish","type":"page","link":"https:\/\/rmradgjof.is\/index.php\/stjornendanamskeid\/","title":{"rendered":"Stj\u00f3rnenda\u00fej\u00e1lfun"},"content":{"rendered":"\t\t<div data-elementor-type=\"wp-page\" data-elementor-id=\"628\" class=\"elementor elementor-628\">\n\t\t\t\t\t\t\t\t\t<section class=\"elementor-section elementor-top-section elementor-element elementor-element-dfc247f elementor-section-boxed elementor-section-height-default elementor-section-height-default\" data-id=\"dfc247f\" data-element_type=\"section\">\n\t\t\t\t\t\t<div class=\"elementor-container elementor-column-gap-default\">\n\t\t\t\t\t<div class=\"elementor-column elementor-col-50 elementor-top-column elementor-element elementor-element-7bc77582\" data-id=\"7bc77582\" data-element_type=\"column\">\n\t\t\t<div class=\"elementor-widget-wrap elementor-element-populated\">\n\t\t\t\t\t\t\t\t<div class=\"elementor-element elementor-element-657e179d elementor-widget elementor-widget-text-editor\" data-id=\"657e179d\" data-element_type=\"widget\" data-widget_type=\"text-editor.default\">\n\t\t\t\t<div class=\"elementor-widget-container\">\n\t\t\t<style>\/*! elementor - v3.17.0 - 08-11-2023 *\/\n.elementor-widget-text-editor.elementor-drop-cap-view-stacked .elementor-drop-cap{background-color:#69727d;color:#fff}.elementor-widget-text-editor.elementor-drop-cap-view-framed .elementor-drop-cap{color:#69727d;border:3px solid;background-color:transparent}.elementor-widget-text-editor:not(.elementor-drop-cap-view-default) .elementor-drop-cap{margin-top:8px}.elementor-widget-text-editor:not(.elementor-drop-cap-view-default) .elementor-drop-cap-letter{width:1em;height:1em}.elementor-widget-text-editor .elementor-drop-cap{float:left;text-align:center;line-height:1;font-size:50px}.elementor-widget-text-editor .elementor-drop-cap-letter{display:inline-block}<\/style>\t\t\t\t<h5>N\u00e1msmarkmi\u00f0<\/h5>\n<p>A\u00f0 sko\u00f0a einkenni stj\u00f3rnandans, s.s. sj\u00e1lfstraust, samskipti, vi\u00f0horf, gildi og \u00e1hrif hans \u00e1&nbsp;<span style=\"color: var( --e-global-color-text ); font-family: var( --e-global-typography-text-font-family ), Sans-serif; font-weight: var( --e-global-typography-text-font-weight );\">umhverfi sitt. A\u00f0 f\u00e1 stj\u00f3rnandann til a\u00f0 huga a\u00f0 s\u00ednum stj\u00f3rnunarst\u00edl og \u00e1hrifum sem hann&nbsp;<\/span><span style=\"color: var( --e-global-color-text ); font-family: var( --e-global-typography-text-font-family ), Sans-serif; font-weight: var( --e-global-typography-text-font-weight );\">getur haft \u00e1 f\u00f3lki\u00f0 sitt. Stj\u00f3rnandinn geri s\u00e9r grein fyrir helstu stj\u00f3rnunarkenningum og&nbsp;<\/span><span style=\"color: var( --e-global-color-text ); font-family: var( --e-global-typography-text-font-family ), Sans-serif; font-weight: var( --e-global-typography-text-font-weight );\">a\u00f0fer\u00f0um. L\u00f6g\u00f0 er \u00e1hersla \u00e1 a\u00f0 \u00fe\u00e1tttakendur geti yfirf\u00e6rt \u00fea\u00f0 sem kennt er \u00e1 dagleg st\u00f6rf.<\/span><\/p>\n<h5>KENNSLUFORM<\/h5>\n<p><span style=\"color: var( --e-global-color-text ); font-family: var( --e-global-typography-text-font-family ), Sans-serif; font-weight: var( --e-global-typography-text-font-weight );\">Fyrirlestur, umr\u00e6\u00f0ur, verkefni, d\u00e6mis\u00f6gur og myndskei\u00f0. \u00c1 \u00feessu n\u00e1mskei\u00f0i&nbsp;<\/span><span style=\"color: var( --e-global-color-text ); font-family: var( --e-global-typography-text-font-family ), Sans-serif; font-weight: var( --e-global-typography-text-font-weight );\">er gert r\u00e1\u00f0 fyrir a\u00f0 \u00fe\u00e1tttakendur vinni verkefni milli n\u00e1mskei\u00f0sdaga.<\/span><\/p>\n<h5>LENGD N\u00c1MSKEI\u00d0S<\/h5>\n<p>N\u00e1mskei\u00f0i\u00f0 er 16 klst. Mi\u00f0a\u00f0 vi\u00f0 a\u00f0 hver dagur s\u00e9u fj\u00f3rar klukkustundir. M\u00f6guleiki er \u00e1 a\u00f0&nbsp;<span style=\"color: var( --e-global-color-text ); font-family: var( --e-global-typography-text-font-family ), Sans-serif; font-weight: var( --e-global-typography-text-font-weight );\">sn\u00ed\u00f0a n\u00e1mskei\u00f0i\u00f0 a\u00f0 \u00fe\u00f6rfum fyrirt\u00e6kisins hva\u00f0 efnist\u00f6k og t\u00edmalengd var\u00f0ar.<\/span><\/p>\n<h5><span style=\"color: var( --e-global-color-ec2ff65 ); font-size: 1.25rem;\">N\u00e1mskei\u00f0sl\u00fdsing<\/span><br><\/h5>\n<p>N\u00e1mskei\u00f0 fyrir starfsf\u00f3lk me\u00f0 mannaforr\u00e1\u00f0.&nbsp;<span style=\"color: var( --e-global-color-text ); font-family: var( --e-global-typography-text-font-family ), Sans-serif; font-weight: var( --e-global-typography-text-font-weight );\">Fari\u00f0 er yfir stj\u00f3rnunarst\u00edla og hvernig h\u00e6gt er&nbsp;<\/span><span style=\"color: var( --e-global-color-text ); font-family: var( --e-global-typography-text-font-family ), Sans-serif; font-weight: var( --e-global-typography-text-font-weight );\">a\u00f0 n\u00e1 betri \u00e1rangri me\u00f0 \u00fev\u00ed a\u00f0 tileinka s\u00e9r \u00e1kve\u00f0nar lei\u00f0ir.&nbsp;<\/span><span style=\"color: var( --e-global-color-text ); font-family: var( --e-global-typography-text-font-family ), Sans-serif; font-weight: var( --e-global-typography-text-font-weight );\">Fjalla\u00f0 ver\u00f0ur m.a. um stj\u00f3rnandann \u00fat fr\u00e1 sj\u00e1lfstrausti, framsetningu skilabo\u00f0a og&nbsp;<\/span><span style=\"color: var( --e-global-color-text ); font-family: var( --e-global-typography-text-font-family ), Sans-serif; font-weight: var( --e-global-typography-text-font-weight );\">uppl\u00fdsingafl\u00e6\u00f0i, greint fr\u00e1 mikilv\u00e6gi \u00feess a\u00f0 hvetja og hr\u00f3sa starfsf\u00f3lki. Einkenni&nbsp;<\/span><span style=\"color: var( --e-global-color-text ); font-family: var( --e-global-typography-text-font-family ), Sans-serif; font-weight: var( --e-global-typography-text-font-weight );\">fram\u00farskarandi lei\u00f0toga sko\u00f0u\u00f0 og fjalla\u00f0 um mismunandi stj\u00f3rnunara\u00f0fer\u00f0ir. Fari\u00f0 yfir \u00fe\u00e1&nbsp;<\/span><span style=\"color: var( --e-global-color-text ); font-family: var( --e-global-typography-text-font-family ), Sans-serif; font-weight: var( --e-global-typography-text-font-weight );\">\u00fe\u00e6tti sem skipta starfsf\u00f3lk m\u00e1li \u00ed starfi. Einnig komi\u00f0 inn \u00e1 fyrirt\u00e6kjamenningu, a\u00f0l\u00f6gun og&nbsp;<\/span><span style=\"color: var( --e-global-color-text ); font-family: var( --e-global-typography-text-font-family ), Sans-serif; font-weight: var( --e-global-typography-text-font-weight );\">innlei\u00f0ingu breytinga \u00e1samt markmi\u00f0asetningu.&nbsp;&nbsp;<\/span><\/p>\n<p><span style=\"color: var( --e-global-color-text ); font-family: var( --e-global-typography-text-font-family ), Sans-serif; font-weight: var( --e-global-typography-text-font-weight );\">Algeng uppsetning \u00e1 dagskr\u00e1 stj\u00f3rnunarn\u00e1mskei\u00f0s RM R\u00e1\u00f0gjafar:&nbsp;<\/span><\/p>\n<h5>1. Dagur \u2013 T\u00edmastj\u00f3rnun og skipulag<\/h5>\n<p>Markmi\u00f0i\u00f0 er a\u00f0 gera \u00fe\u00e1tttakendur me\u00f0vita\u00f0ri um s\u00edna t\u00edmastj\u00f3rnun og vinnuskipulag me\u00f0&nbsp;<span style=\"color: var( --e-global-color-text ); font-family: var( --e-global-typography-text-font-family ), Sans-serif; font-weight: var( --e-global-typography-text-font-weight );\">\u00fea\u00f0 a\u00f0 marki a\u00f0 auka skilvirkni og \u00e1rangur \u00ed starfi.<\/span><\/p>\n<p>Fjalla\u00f0 um hvernig vi\u00f0 st\u00fdrum vinnu okkar, verkefnum og t\u00edma, og hvernig vi\u00f0 komumst yfir&nbsp;<span style=\"color: var( --e-global-color-text ); font-family: var( --e-global-typography-text-font-family ), Sans-serif; font-weight: var( --e-global-typography-text-font-weight );\">\u00f6ll \u00feau verkefni sem liggja fyrir. Unni\u00f0 er m.a. me\u00f0 markmi\u00f0asetningu og yfirf\u00e6rslu hennar \u00e1&nbsp;<\/span><span style=\"color: var( --e-global-color-text ); font-family: var( --e-global-typography-text-font-family ), Sans-serif; font-weight: var( --e-global-typography-text-font-weight );\">dagleg st\u00f6rf \u00fe\u00e1tttakenda. Til a\u00f0 greina mikilv\u00e6gi verkefna og skipulag \u00e1 \u00feeim er einnig fari\u00f0&nbsp;<\/span><span style=\"color: var( --e-global-color-text ); font-family: var( --e-global-typography-text-font-family ), Sans-serif; font-weight: var( --e-global-typography-text-font-weight );\">m.a. \u00ed Parkinson- og Pareto l\u00f6gm\u00e1lin.<\/span><\/p>\n<p>Verkefni milli n\u00e1mskei\u00f0sdaga: Finna lei\u00f0ir \u00ed vinnu til a\u00f0 spara t\u00edma \u00ed samr\u00e6mi vi\u00f0 umfj\u00f6llun&nbsp;<span style=\"color: var( --e-global-color-text ); font-family: var( --e-global-typography-text-font-family ), Sans-serif; font-weight: var( --e-global-typography-text-font-weight );\">um Pareto l\u00f6gm\u00e1li\u00f0 \u00fe.e. 80\/20 % regluna.&nbsp;<\/span><span style=\"color: var( --e-global-color-text ); font-family: var( --e-global-typography-text-font-family ), Sans-serif; font-weight: var( --e-global-typography-text-font-weight );\">\u00de\u00e1tttakendur setja s\u00e9r vinnutengd markmi\u00f0 sem tengjast t\u00edmastj\u00f3rnun og skipulagi.<\/span><\/p>\n<h5>2. Dagur \u2013 Sj\u00e1lfstraust og samskipti<\/h5>\n<p>Markmi\u00f0i\u00f0 er a\u00f0 \u00fe\u00e1tttakendur r\u00fdni \u00ed sig sem stj\u00f3rnanda til a\u00f0 vinna me\u00f0 s\u00edna styrkleika og&nbsp;<span style=\"color: var( --e-global-color-text ); font-family: var( --e-global-typography-text-font-family ), Sans-serif; font-weight: var( --e-global-typography-text-font-weight );\">b\u00e6ta s\u00edna veikleika.&nbsp;<\/span><\/p>\n<p><span style=\"color: var( --e-global-color-text ); font-family: var( --e-global-typography-text-font-family ), Sans-serif; font-weight: var( --e-global-typography-text-font-weight );\">Unni\u00f0 er me\u00f0 hvernig stj\u00f3rnandi vinnur \u00fat fr\u00e1 eigin sj\u00e1lfstrausti og mikilv\u00e6gi sj\u00e1lfstrausts \u00ed&nbsp;<\/span><span style=\"color: var( --e-global-color-text ); font-family: var( --e-global-typography-text-font-family ), Sans-serif; font-weight: var( --e-global-typography-text-font-weight );\">samskiptum og almennt \u00ed l\u00edfinu.&nbsp;<\/span><span style=\"color: var( --e-global-color-text ); font-family: var( --e-global-typography-text-font-family ), Sans-serif; font-weight: var( --e-global-typography-text-font-weight );\">Einnig komi\u00f0 inn \u00e1 sj\u00e1lftal, gagnr\u00fdni, mannleg samskipti, uppl\u00fdsingafl\u00e6\u00f0i og lei\u00f0ir til a\u00f0 b\u00e6ta&nbsp;<\/span><span style=\"color: var( --e-global-color-text ); font-family: var( --e-global-typography-text-font-family ), Sans-serif; font-weight: var( --e-global-typography-text-font-weight );\">samskipti \u00e1 vinnusta\u00f0.&nbsp;<\/span><span style=\"color: var( --e-global-color-text ); font-family: var( --e-global-typography-text-font-family ), Sans-serif; font-weight: var( --e-global-typography-text-font-weight );\">Hvernig sj\u00e1lfstraust starfsf\u00f3lks hefur \u00e1hrif \u00e1 vinnulag og \u00e1rangur og mikilv\u00e6gi \u00feess a\u00f0&nbsp;<\/span><span style=\"color: var( --e-global-color-text ); font-family: var( --e-global-typography-text-font-family ), Sans-serif; font-weight: var( --e-global-typography-text-font-weight );\">stj\u00f3rnandi hafi h\u00e6fni til a\u00f0 \u00e1tta sig \u00e1 \u00fev\u00ed?&nbsp;<\/span><span style=\"color: var( --e-global-color-text ); font-family: var( --e-global-typography-text-font-family ), Sans-serif; font-weight: var( --e-global-typography-text-font-weight );\">Hvernig best er a\u00f0 st\u00fdra f\u00f3lki, a\u00f0fer\u00f0ir og \u00e1hrif og hvernig mismunandi stj\u00f3rnunara\u00f0fer\u00f0ir&nbsp;<\/span><span style=\"color: var( --e-global-color-text ); font-family: var( --e-global-typography-text-font-family ), Sans-serif; font-weight: var( --e-global-typography-text-font-weight );\">hafa mismunandi \u00e1hrif \u00e1 starfsmenn?<\/span><\/p>\n<p>Verkefni milli n\u00e1mskei\u00f0sdaga: \u00de\u00e1tttakendur setja s\u00e9r vinnutengd markmi\u00f0 sem tengjast&nbsp;<span style=\"color: var( --e-global-color-text ); font-family: var( --e-global-typography-text-font-family ), Sans-serif; font-weight: var( --e-global-typography-text-font-weight );\">sj\u00e1lfstrausti, stj\u00f3rnun og samskiptum.<\/span><\/p>\n<h5>3. Dagur \u2013 Stj\u00f3rnunara\u00f0fer\u00f0ir<\/h5>\n<p>Markmi\u00f0 er a\u00f0 gera \u00fe\u00e1tttakendur me\u00f0vita\u00f0a um sinn stj\u00f3rnunarst\u00edl og hvernig b\u00e6ta m\u00e1&nbsp;<span style=\"color: var( --e-global-color-text ); font-family: var( --e-global-typography-text-font-family ), Sans-serif; font-weight: var( --e-global-typography-text-font-weight );\">\u00e1kve\u00f0na \u00fe\u00e6tti \u00ed stj\u00f3rnun til a\u00f0 n\u00e1 meiri \u00e1rangri.<\/span><\/p>\n<p>Fari\u00f0 \u00ed helstu stj\u00f3rnunarkenningar og hvernig best er a\u00f0 n\u00fdta \u00fe\u00e6r til a\u00f0 n\u00e1 \u00e1rangri.&nbsp;<span style=\"color: var( --e-global-color-text ); font-family: var( --e-global-typography-text-font-family ), Sans-serif; font-weight: var( --e-global-typography-text-font-weight );\">Einkenni fram\u00farskarandi lei\u00f0toga sko\u00f0u\u00f0.&nbsp;&nbsp;<\/span><span style=\"color: var( --e-global-color-text ); font-family: var( --e-global-typography-text-font-family ), Sans-serif; font-weight: var( --e-global-typography-text-font-weight );\">Vinnusta\u00f0amenning, fjalla\u00f0 um hvernig stj\u00f3rnendur geta haft \u00e1hrif \u00e1 vinnusta\u00f0amenningu og&nbsp;<\/span><span style=\"color: var( --e-global-color-text ); font-family: var( --e-global-typography-text-font-family ), Sans-serif; font-weight: var( --e-global-typography-text-font-weight );\">byggt upp sterka menningu \u00ed samstarfi vi\u00f0 sitt f\u00f3lk.&nbsp;<\/span><span style=\"color: var( --e-global-color-text ); font-family: var( --e-global-typography-text-font-family ), Sans-serif; font-weight: var( --e-global-typography-text-font-weight );\">Breytingarstj\u00f3rnun, fari\u00f0 \u00ed helstu atri\u00f0i breytingarstj\u00f3rnunar og hvernig n\u00fdta m\u00e1 \u00feau vi\u00f0&nbsp;<\/span><span style=\"color: var( --e-global-color-text ); font-family: var( --e-global-typography-text-font-family ), Sans-serif; font-weight: var( --e-global-typography-text-font-weight );\">dagleg st\u00f6rf.<\/span><\/p>\n<p>Verkefni milli n\u00e1mskei\u00f0sdaga: \u00de\u00e1tttakendur setja s\u00e9r vinnutengd markmi\u00f0 sem tengjast&nbsp;<span style=\"color: var( --e-global-color-text ); font-family: var( --e-global-typography-text-font-family ), Sans-serif; font-weight: var( --e-global-typography-text-font-weight );\">breytingum \u00e1 vinnusta\u00f0.<\/span><\/p>\n<h5>4. Dagur \u2013 Mannau\u00f0sstj\u00f3rnun<\/h5>\n<p>Markmi\u00f0 er a\u00f0 \u00fe\u00e1tttakendur geri s\u00e9r grein fyrir mikilv\u00e6gi mannau\u00f0sstj\u00f3rnunar \u00ed stj\u00f3rnun&nbsp;<span style=\"color: var( --e-global-color-text ); font-family: var( --e-global-typography-text-font-family ), Sans-serif; font-weight: var( --e-global-typography-text-font-weight );\">fyrirt\u00e6kja, \u00e1samt lei\u00f0um til a\u00f0 takast \u00e1 vi\u00f0 erfi\u00f0 starfsmannam\u00e1l.<\/span><\/p>\n<p>Fari\u00f0 \u00ed helstu verkefni mannau\u00f0sstj\u00f3rnunar, fjalla\u00f0 um \u00feroskastig fyrirt\u00e6kja og f<span style=\"color: var( --e-global-color-text ); font-family: var( --e-global-typography-text-font-family ), Sans-serif; font-weight: var( --e-global-typography-text-font-weight );\">ari\u00f0 \u00ed mikilv\u00e6gi \u00feess a\u00f0 stefna fyrirt\u00e6kisins og mannau\u00f0sstefna s\u00e9u tvinnu\u00f0 saman.&nbsp;<\/span><span style=\"color: var( --e-global-color-text ); font-family: var( --e-global-typography-text-font-family ), Sans-serif; font-weight: var( --e-global-typography-text-font-weight );\">Einnig komi\u00f0 inn \u00e1 mannlega \u00fe\u00e1ttinn og erfi\u00f0 starfsmannam\u00e1l.&nbsp;<\/span><\/p>\n<h5>LEI\u00d0BEINANDI<\/h5>\n<p>Ragnar Matth\u00edasson mannau\u00f0sr\u00e1\u00f0gjafi &#8211; MBA og MSc. \u00ed mannau\u00f0sstj\u00f3rnun.&nbsp;<span style=\"color: var( --e-global-color-text ); font-family: var( --e-global-typography-text-font-family ), Sans-serif; font-weight: var( --e-global-typography-text-font-weight );\">Ragnar hefur v\u00ed\u00f0t\u00e6ka reynslu af n\u00e1mskei\u00f0ahaldi og r\u00e1\u00f0gj\u00f6f. Hann hefur unni\u00f0 fyrir fj\u00f6lda&nbsp;<\/span><span style=\"color: var( --e-global-color-text ); font-family: var( --e-global-typography-text-font-family ), Sans-serif; font-weight: var( --e-global-typography-text-font-weight );\">fyrirt\u00e6kja af \u00fdmsum st\u00e6r\u00f0um og ger\u00f0um.<\/span><\/p>\n<h3><a href=\"https:\/\/rmradgjof.is\/index.php\/elementor-712\/\">Haf\u00f0u samband<\/a>&nbsp;og f\u00e1\u00f0u n\u00e1nari uppl\u00fdsingar um hva\u00f0 hentar \u00fe\u00ednum vinnusta\u00f0<\/h3>\t\t\t\t\t\t<\/div>\n\t\t\t\t<\/div>\n\t\t\t\t\t<\/div>\n\t\t<\/div>\n\t\t\t\t<div class=\"elementor-column elementor-col-50 elementor-top-column elementor-element elementor-element-22fe30b9\" data-id=\"22fe30b9\" data-element_type=\"column\">\n\t\t\t<div class=\"elementor-widget-wrap elementor-element-populated\">\n\t\t\t\t\t\t\t\t<div class=\"elementor-element elementor-element-4b632cf2 elementor-widget elementor-widget-image\" data-id=\"4b632cf2\" data-element_type=\"widget\" data-widget_type=\"image.default\">\n\t\t\t\t<div class=\"elementor-widget-container\">\n\t\t\t<style>\/*! elementor - v3.17.0 - 08-11-2023 *\/\n.elementor-widget-image{text-align:center}.elementor-widget-image a{display:inline-block}.elementor-widget-image a img[src$=\".svg\"]{width:48px}.elementor-widget-image img{vertical-align:middle;display:inline-block}<\/style>\t\t\t\t\t\t\t\t\t<figure class=\"wp-caption\">\n\t\t\t\t\t\t\t\t\t\t<img loading=\"lazy\" decoding=\"async\" width=\"800\" height=\"534\" src=\"https:\/\/rmradgjof.is\/wp-content\/uploads\/2022\/10\/Ragnar_fyrirlestur-1024x683.jpg\" class=\"attachment-large size-large wp-image-1141\" alt=\"\" srcset=\"https:\/\/rmradgjof.is\/wp-content\/uploads\/2022\/10\/Ragnar_fyrirlestur-1024x683.jpg 1024w, https:\/\/rmradgjof.is\/wp-content\/uploads\/2022\/10\/Ragnar_fyrirlestur-300x200.jpg 300w, https:\/\/rmradgjof.is\/wp-content\/uploads\/2022\/10\/Ragnar_fyrirlestur-768x512.jpg 768w, https:\/\/rmradgjof.is\/wp-content\/uploads\/2022\/10\/Ragnar_fyrirlestur-1536x1025.jpg 1536w, https:\/\/rmradgjof.is\/wp-content\/uploads\/2022\/10\/Ragnar_fyrirlestur.jpg 2048w\" sizes=\"auto, (max-width: 800px) 100vw, 800px\" \/>\t\t\t\t\t\t\t\t\t\t\t<figcaption class=\"widget-image-caption wp-caption-text\">Stj\u00f3rnendan\u00e1mskei\u00f0 hj\u00e1 vi\u00f0skiptavini<\/figcaption>\n\t\t\t\t\t\t\t\t\t\t<\/figure>\n\t\t\t\t\t\t\t\t\t<\/div>\n\t\t\t\t<\/div>\n\t\t\t\t\t<\/div>\n\t\t<\/div>\n\t\t\t\t\t\t\t<\/div>\n\t\t<\/section>\n\t\t\t\t\t\t\t<\/div>\n\t\t","protected":false},"excerpt":{"rendered":"<p>N\u00e1msmarkmi\u00f0 A\u00f0 sko\u00f0a einkenni stj\u00f3rnandans, s.s. sj\u00e1lfstraust, samskipti, vi\u00f0horf, gildi og \u00e1hrif hans \u00e1&nbsp;umhverfi sitt. A\u00f0 f\u00e1 stj\u00f3rnandann til a\u00f0 huga a\u00f0 s\u00ednum stj\u00f3rnunarst\u00edl og \u00e1hrifum sem hann&nbsp;getur haft \u00e1 f\u00f3lki\u00f0 sitt. Stj\u00f3rnandinn geri s\u00e9r grein fyrir helstu stj\u00f3rnunarkenningum og&nbsp;a\u00f0fer\u00f0um. L\u00f6g\u00f0 er \u00e1hersla \u00e1 a\u00f0 \u00fe\u00e1tttakendur geti yfirf\u00e6rt \u00fea\u00f0 sem kennt er \u00e1 dagleg st\u00f6rf. [&hellip;]<\/p>\n","protected":false},"author":1,"featured_media":0,"parent":0,"menu_order":0,"comment_status":"closed","ping_status":"closed","template":"elementor_header_footer","meta":{"footnotes":""},"class_list":["post-628","page","type-page","status-publish","hentry"],"_links":{"self":[{"href":"https:\/\/rmradgjof.is\/index.php\/wp-json\/wp\/v2\/pages\/628","targetHints":{"allow":["GET"]}}],"collection":[{"href":"https:\/\/rmradgjof.is\/index.php\/wp-json\/wp\/v2\/pages"}],"about":[{"href":"https:\/\/rmradgjof.is\/index.php\/wp-json\/wp\/v2\/types\/page"}],"author":[{"embeddable":true,"href":"https:\/\/rmradgjof.is\/index.php\/wp-json\/wp\/v2\/users\/1"}],"replies":[{"embeddable":true,"href":"https:\/\/rmradgjof.is\/index.php\/wp-json\/wp\/v2\/comments?post=628"}],"version-history":[{"count":44,"href":"https:\/\/rmradgjof.is\/index.php\/wp-json\/wp\/v2\/pages\/628\/revisions"}],"predecessor-version":[{"id":1784,"href":"https:\/\/rmradgjof.is\/index.php\/wp-json\/wp\/v2\/pages\/628\/revisions\/1784"}],"wp:attachment":[{"href":"https:\/\/rmradgjof.is\/index.php\/wp-json\/wp\/v2\/media?parent=628"}],"curies":[{"name":"wp","href":"https:\/\/api.w.org\/{rel}","templated":true}]}}