{"id":605,"date":"2022-10-17T16:00:47","date_gmt":"2022-10-17T16:00:47","guid":{"rendered":"https:\/\/dev.rmradgjof.is\/?page_id=605"},"modified":"2022-10-17T16:01:06","modified_gmt":"2022-10-17T16:01:06","slug":"radningarferlid","status":"publish","type":"page","link":"https:\/\/rmradgjof.is\/index.php\/radningarferlid\/","title":{"rendered":"R\u00e1\u00f0ningarferli\u00f0"},"content":{"rendered":"\t\t<div data-elementor-type=\"wp-page\" data-elementor-id=\"605\" class=\"elementor elementor-605\">\n\t\t\t\t\t\t\t\t\t<section class=\"elementor-section elementor-top-section elementor-element elementor-element-28dbe0bf elementor-section-boxed elementor-section-height-default elementor-section-height-default\" data-id=\"28dbe0bf\" data-element_type=\"section\">\n\t\t\t\t\t\t<div class=\"elementor-container elementor-column-gap-default\">\n\t\t\t\t\t<div class=\"elementor-column elementor-col-50 elementor-top-column elementor-element elementor-element-7039c3f6\" data-id=\"7039c3f6\" data-element_type=\"column\">\n\t\t\t<div class=\"elementor-widget-wrap elementor-element-populated\">\n\t\t\t\t\t\t\t\t<div class=\"elementor-element elementor-element-4b6dcae0 elementor-widget elementor-widget-text-editor\" data-id=\"4b6dcae0\" data-element_type=\"widget\" data-widget_type=\"text-editor.default\">\n\t\t\t\t<div class=\"elementor-widget-container\">\n\t\t\t<style>\/*! elementor - v3.17.0 - 08-11-2023 *\/\n.elementor-widget-text-editor.elementor-drop-cap-view-stacked .elementor-drop-cap{background-color:#69727d;color:#fff}.elementor-widget-text-editor.elementor-drop-cap-view-framed .elementor-drop-cap{color:#69727d;border:3px solid;background-color:transparent}.elementor-widget-text-editor:not(.elementor-drop-cap-view-default) .elementor-drop-cap{margin-top:8px}.elementor-widget-text-editor:not(.elementor-drop-cap-view-default) .elementor-drop-cap-letter{width:1em;height:1em}.elementor-widget-text-editor .elementor-drop-cap{float:left;text-align:center;line-height:1;font-size:50px}.elementor-widget-text-editor .elementor-drop-cap-letter{display:inline-block}<\/style>\t\t\t\t<h5>N\u00e1msmarkmi\u00f0<\/h5>\n<p>A\u00f0 gera grein fyrir \u00fev\u00ed hvernig h\u00e6gt er a\u00f0 byggja upp r\u00e1\u00f0ningarferli sem hefur \u00fea\u00f0 a\u00f0 markmi\u00f0i a\u00f0 r\u00e1\u00f0a h\u00e6fasta starfsmanninn og halda honum. Fari\u00f0 \u00ed algengustu mist\u00f6kin \u00ed r\u00e1\u00f0ningum og hvernig koma m\u00e1 \u00ed veg fyrir \u00feau.<\/p><p><br><\/p>\n<h5>N\u00e1mskei\u00f0sl\u00fdsing<\/h5>\n<p>R\u00e1\u00f0ningarferli\u00f0 \u00fatsk\u00fdrt og s\u00fdnt fram \u00e1 mikilv\u00e6gi \u00feess a\u00f0 vera me\u00f0 markvisst r\u00e1\u00f0ningarferli og hva\u00f0a \u00e1hrif mist\u00f6k \u00ed r\u00e1\u00f0ningarferlinu hafa \u00e1 rekstur fyrirt\u00e6kja. R\u00e1\u00f0ningarferli\u00f0 skilgreint og \u00fatsk\u00fdrt hvernig r\u00e1\u00f0ningarferli\u00f0 hefur \u00e1hrif \u00e1 starfsmannaveltu, einnig er kostna\u00f0ur af starfsmannaveltu \u00fatsk\u00fdr\u00f0ur og hvernig fj\u00e1rfesting \u00ed r\u00e9ttri r\u00e1\u00f0ningu skilar s\u00e9r \u00ed betri rekstri.<\/p>\n<p><b>Kennsluform:<\/b> Fyrirlestur, umr\u00e6\u00f0ur, verkefni, d\u00e6mis\u00f6gur og myndskei\u00f0. \u00c1 \u00feessu n\u00e1mskei\u00f0i er gert r\u00e1\u00f0 fyrir a\u00f0 \u00fe\u00e1tttakendur vinni verkefni milli skipta.<\/p><p><br><\/p>\n<h5>Lengd n\u00e1mskei\u00f0s<\/h5>\n<p>N\u00e1mskei\u00f0i\u00f0 er <b>6 klst<\/b>.<\/p><p><br><\/p>\n<h5>Lei\u00f0beinandi<\/h5>\n<p><b>Ragnar Matth\u00edasson<\/b> mannau\u00f0sr\u00e1\u00f0gjafi &#8211; MBA og MSc. \u00ed mannau\u00f0sstj\u00f3rnun.<\/p>\n<p>Ragnar hefur v\u00ed\u00f0t\u00e6ka reynslu af n\u00e1mskei\u00f0ahaldi og r\u00e1\u00f0gj\u00f6f. Hann hefur unni\u00f0 fyrir fj\u00f6lda fyrirt\u00e6kja af \u00fdmsum st\u00e6r\u00f0um og ger\u00f0um.<\/p>\t\t\t\t\t\t<\/div>\n\t\t\t\t<\/div>\n\t\t\t\t\t<\/div>\n\t\t<\/div>\n\t\t\t\t<div class=\"elementor-column elementor-col-50 elementor-top-column elementor-element elementor-element-416a692e\" data-id=\"416a692e\" data-element_type=\"column\">\n\t\t\t<div class=\"elementor-widget-wrap elementor-element-populated\">\n\t\t\t\t\t\t\t\t<div class=\"elementor-element elementor-element-68091e42 elementor-widget elementor-widget-image\" data-id=\"68091e42\" data-element_type=\"widget\" data-widget_type=\"image.default\">\n\t\t\t\t<div class=\"elementor-widget-container\">\n\t\t\t<style>\/*! elementor - v3.17.0 - 08-11-2023 *\/\n.elementor-widget-image{text-align:center}.elementor-widget-image a{display:inline-block}.elementor-widget-image a img[src$=\".svg\"]{width:48px}.elementor-widget-image img{vertical-align:middle;display:inline-block}<\/style>\t\t\t\t\t\t\t\t\t<figure class=\"wp-caption\">\n\t\t\t\t\t\t\t\t\t\t<img decoding=\"async\" src=\"https:\/\/rmradgjof.is\/wp-content\/plugins\/elementor\/assets\/images\/placeholder.png\" title=\"\" alt=\"\" loading=\"lazy\" \/>\t\t\t\t\t\t\t\t\t\t\t<figcaption class=\"widget-image-caption wp-caption-text\">Myndtexti<\/figcaption>\n\t\t\t\t\t\t\t\t\t\t<\/figure>\n\t\t\t\t\t\t\t\t\t<\/div>\n\t\t\t\t<\/div>\n\t\t\t\t\t<\/div>\n\t\t<\/div>\n\t\t\t\t\t\t\t<\/div>\n\t\t<\/section>\n\t\t\t\t\t\t\t<\/div>\n\t\t","protected":false},"excerpt":{"rendered":"<p>N\u00e1msmarkmi\u00f0 A\u00f0 gera grein fyrir \u00fev\u00ed hvernig h\u00e6gt er a\u00f0 byggja upp r\u00e1\u00f0ningarferli sem hefur \u00fea\u00f0 a\u00f0 markmi\u00f0i a\u00f0 r\u00e1\u00f0a h\u00e6fasta starfsmanninn og halda honum. Fari\u00f0 \u00ed algengustu mist\u00f6kin \u00ed r\u00e1\u00f0ningum og hvernig koma m\u00e1 \u00ed veg fyrir \u00feau. N\u00e1mskei\u00f0sl\u00fdsing R\u00e1\u00f0ningarferli\u00f0 \u00fatsk\u00fdrt og s\u00fdnt fram \u00e1 mikilv\u00e6gi \u00feess a\u00f0 vera me\u00f0 markvisst r\u00e1\u00f0ningarferli og hva\u00f0a [&hellip;]<\/p>\n","protected":false},"author":1,"featured_media":0,"parent":0,"menu_order":0,"comment_status":"closed","ping_status":"closed","template":"elementor_header_footer","meta":{"footnotes":""},"class_list":["post-605","page","type-page","status-publish","hentry"],"_links":{"self":[{"href":"https:\/\/rmradgjof.is\/index.php\/wp-json\/wp\/v2\/pages\/605","targetHints":{"allow":["GET"]}}],"collection":[{"href":"https:\/\/rmradgjof.is\/index.php\/wp-json\/wp\/v2\/pages"}],"about":[{"href":"https:\/\/rmradgjof.is\/index.php\/wp-json\/wp\/v2\/types\/page"}],"author":[{"embeddable":true,"href":"https:\/\/rmradgjof.is\/index.php\/wp-json\/wp\/v2\/users\/1"}],"replies":[{"embeddable":true,"href":"https:\/\/rmradgjof.is\/index.php\/wp-json\/wp\/v2\/comments?post=605"}],"version-history":[{"count":4,"href":"https:\/\/rmradgjof.is\/index.php\/wp-json\/wp\/v2\/pages\/605\/revisions"}],"predecessor-version":[{"id":609,"href":"https:\/\/rmradgjof.is\/index.php\/wp-json\/wp\/v2\/pages\/605\/revisions\/609"}],"wp:attachment":[{"href":"https:\/\/rmradgjof.is\/index.php\/wp-json\/wp\/v2\/media?parent=605"}],"curies":[{"name":"wp","href":"https:\/\/api.w.org\/{rel}","templated":true}]}}