{"id":582,"date":"2022-10-17T15:56:07","date_gmt":"2022-10-17T15:56:07","guid":{"rendered":"https:\/\/dev.rmradgjof.is\/?page_id=582"},"modified":"2022-10-28T14:18:24","modified_gmt":"2022-10-28T14:18:24","slug":"hopeflisnamskeid","status":"publish","type":"page","link":"https:\/\/rmradgjof.is\/index.php\/hopeflisnamskeid\/","title":{"rendered":"H\u00d3PEFLISN\u00c1MSKEI\u00d0"},"content":{"rendered":"\t\t<div data-elementor-type=\"wp-page\" data-elementor-id=\"582\" class=\"elementor elementor-582\">\n\t\t\t\t\t\t\t\t\t<section class=\"elementor-section elementor-top-section elementor-element elementor-element-75f7f6f elementor-section-boxed elementor-section-height-default elementor-section-height-default\" data-id=\"75f7f6f\" data-element_type=\"section\">\n\t\t\t\t\t\t<div class=\"elementor-container elementor-column-gap-default\">\n\t\t\t\t\t<div class=\"elementor-column elementor-col-50 elementor-top-column elementor-element elementor-element-1653900\" data-id=\"1653900\" data-element_type=\"column\">\n\t\t\t<div class=\"elementor-widget-wrap elementor-element-populated\">\n\t\t\t\t\t\t\t\t<div class=\"elementor-element elementor-element-ed80a43 elementor-widget elementor-widget-text-editor\" data-id=\"ed80a43\" data-element_type=\"widget\" data-widget_type=\"text-editor.default\">\n\t\t\t\t<div class=\"elementor-widget-container\">\n\t\t\t<style>\/*! elementor - v3.17.0 - 08-11-2023 *\/\n.elementor-widget-text-editor.elementor-drop-cap-view-stacked .elementor-drop-cap{background-color:#69727d;color:#fff}.elementor-widget-text-editor.elementor-drop-cap-view-framed .elementor-drop-cap{color:#69727d;border:3px solid;background-color:transparent}.elementor-widget-text-editor:not(.elementor-drop-cap-view-default) .elementor-drop-cap{margin-top:8px}.elementor-widget-text-editor:not(.elementor-drop-cap-view-default) .elementor-drop-cap-letter{width:1em;height:1em}.elementor-widget-text-editor .elementor-drop-cap{float:left;text-align:center;line-height:1;font-size:50px}.elementor-widget-text-editor .elementor-drop-cap-letter{display:inline-block}<\/style>\t\t\t\t\t\t\t\t\t\t<\/div>\n\t\t\t\t<\/div>\n\t\t\t\t<div class=\"elementor-element elementor-element-968c4cd elementor-widget elementor-widget-text-editor\" data-id=\"968c4cd\" data-element_type=\"widget\" data-widget_type=\"text-editor.default\">\n\t\t\t\t<div class=\"elementor-widget-container\">\n\t\t\t\t\t\t\t<h5>N\u00e1msmarkmi\u00f0<\/h5>\n<p style=\"margin-bottom: .25in; line-height: normal;\"><span style=\"font-size: 12.0pt; font-family: 'Cambria',serif; mso-ascii-theme-font: major-latin; mso-fareast-font-family: 'Times New Roman'; mso-hansi-theme-font: major-latin; mso-bidi-font-family: 'Times New Roman'; mso-ansi-language: IS; mso-fareast-language: IS;\">A\u00f0 gera stj\u00f3rnendur me\u00f0vita\u00f0ri um s\u00edna t\u00edmastj\u00f3rnun og vinnuskipulag \u00e1samt<br>\u00fev\u00ed a\u00f0 vekja \u00fe\u00e1 til umhugsunar um hvernig \u00feeir st\u00fdra s\u00ednu starfsf\u00f3lki, me\u00f0 \u00fea\u00f0 a\u00f0<br>markmi\u00f0i a\u00f0 gera \u00fe\u00e1 a\u00f0 \u00f6flugri stj\u00f3rnendum me\u00f0 betri stj\u00f3rnun \u00e1 t\u00edma s\u00ednum og starfsf\u00f3lki.<\/span><\/p>\n<p>&nbsp;<span style=\"color: var( --e-global-color-ec2ff65 ); font-family: 'Josefin Sans', sans-serif; font-size: 1.25rem; text-transform: uppercase;\">N\u00e1mskei\u00f0sl\u00fdsing<\/span><\/p>\n<p style=\"margin-bottom: 0in; line-height: normal; vertical-align: baseline;\"><span style=\"font-size: 12.0pt; font-family: 'Cambria',serif; mso-ascii-theme-font: major-latin; mso-fareast-font-family: 'Times New Roman'; mso-hansi-theme-font: major-latin; mso-bidi-font-family: 'Times New Roman'; mso-ansi-language: IS; mso-fareast-language: IS;\">N\u00e1mskei\u00f0 er tv\u00edskipt.&nbsp;<\/span><\/p>\n<p style=\"margin-bottom: 0in; line-height: normal; vertical-align: baseline;\"><span style=\"font-size: 12.0pt; font-family: 'Cambria',serif; mso-ascii-theme-font: major-latin; mso-fareast-font-family: 'Times New Roman'; mso-hansi-theme-font: major-latin; mso-bidi-font-family: 'Times New Roman'; mso-ansi-language: IS; mso-fareast-language: IS;\">Fyrri parturinn sn\u00fdr a\u00f0 eigin<br>stj\u00f3rnun, hvernig vi\u00f0 st\u00fdrum vinnu okkar, verkefnum og t\u00edma, og hvernig vi\u00f0<br>komumst yfir \u00f6ll \u00feau verkefni sem liggja fyrir. Unni\u00f0 er m.a. me\u00f0<br>markmi\u00f0asetningu og yfirf\u00e6rslu hennar \u00e1 dagleg st\u00f6rf \u00fe\u00e1tttakenda. Til a\u00f0 greina<br>mikilv\u00e6gi verkefna og skipulag \u00e1 \u00feeim er m. a fari\u00f0 \u00ed Paretol\u00f6gm\u00e1li\u00f0 og verkefnalista.<br><\/span><\/p>\n<p style=\"margin-bottom: 0in; line-height: normal; vertical-align: baseline;\"><span style=\"font-size: 12.0pt; font-family: 'Cambria',serif; mso-ascii-theme-font: major-latin; mso-fareast-font-family: 'Times New Roman'; mso-hansi-theme-font: major-latin; mso-bidi-font-family: 'Times New Roman'; mso-ansi-language: IS; mso-fareast-language: IS;\">&nbsp;<\/span><\/p>\n<p style=\"margin-bottom: 0in; line-height: normal; vertical-align: baseline;\"><span style=\"font-size: 12.0pt; font-family: 'Cambria',serif; mso-ascii-theme-font: major-latin; mso-fareast-font-family: 'Times New Roman'; mso-hansi-theme-font: major-latin; mso-bidi-font-family: 'Times New Roman'; mso-ansi-language: IS; mso-fareast-language: IS;\">\u00cd seinni hluta n\u00e1mskei\u00f0sins er stj\u00f3rnun starfsmanna<br>tekin fyrir &#8211; listin a\u00f0 stj\u00f3rna s\u00e9r og \u00f6\u00f0rum, hvernig vi\u00f0 sem stj\u00f3rnendur getum<br>haft \u00e1hrif \u00e1 starfsmenn, l\u00ed\u00f0an \u00feeirra og afk\u00f6st. Fari\u00f0 \u00ed grunnatri\u00f0i<br>stj\u00f3rnunar, a\u00f0fer\u00f0ir, v\u00f6ld, \u00e1byrg\u00f0 og lei\u00f0ir til a\u00f0 koma hlutum \u00ed verk og l\u00e1ta<br>gott af s\u00e9r lei\u00f0a.&nbsp; <\/span><\/p>\n<p><\/p>\n<p style=\"margin-bottom: 0in; line-height: normal; vertical-align: baseline;\">\n<\/p><h5>Lengd n\u00e1mskei\u00f0s<\/h5>\n<p><span style=\"color: var( --e-global-color-text ); font-family: Cambria, serif; font-size: 12pt; font-weight: var( --e-global-typography-text-font-weight );\">N\u00e1mskei\u00f0i\u00f0 er 6 klst. (2&#215;3 klst.).<\/span><\/p>\n<p style=\"margin-bottom: 0in; line-height: normal; vertical-align: baseline;\">\n<\/p><h5>Lei\u00f0beinandi<\/h5>\n<p>Ragnar Matth\u00edasson mannau\u00f0sr\u00e1\u00f0gjafi &#8211; MBA og MSc. \u00ed mannau\u00f0sstj\u00f3rnun.<br>Ragnar hefur v\u00ed\u00f0t\u00e6ka reynslu af n\u00e1mskei\u00f0ahaldi og r\u00e1\u00f0gj\u00f6f. Hann hefur unni\u00f0 fyrir fj\u00f6lda fyrirt\u00e6kja af \u00fdmsum st\u00e6r\u00f0um og ger\u00f0um<\/p>\t\t\t\t\t\t<\/div>\n\t\t\t\t<\/div>\n\t\t\t\t\t<\/div>\n\t\t<\/div>\n\t\t\t\t<div class=\"elementor-column elementor-col-50 elementor-top-column elementor-element elementor-element-73381d2a\" data-id=\"73381d2a\" data-element_type=\"column\">\n\t\t\t<div class=\"elementor-widget-wrap elementor-element-populated\">\n\t\t\t\t\t\t\t\t<div class=\"elementor-element elementor-element-3f858d93 elementor-widget elementor-widget-image\" data-id=\"3f858d93\" data-element_type=\"widget\" data-widget_type=\"image.default\">\n\t\t\t\t<div class=\"elementor-widget-container\">\n\t\t\t<style>\/*! elementor - v3.17.0 - 08-11-2023 *\/\n.elementor-widget-image{text-align:center}.elementor-widget-image a{display:inline-block}.elementor-widget-image a img[src$=\".svg\"]{width:48px}.elementor-widget-image img{vertical-align:middle;display:inline-block}<\/style>\t\t\t\t\t\t\t\t\t<figure class=\"wp-caption\">\n\t\t\t\t\t\t\t\t\t\t<img decoding=\"async\" src=\"https:\/\/rmradgjof.is\/wp-content\/plugins\/elementor\/assets\/images\/placeholder.png\" title=\"\" alt=\"\" loading=\"lazy\" \/>\t\t\t\t\t\t\t\t\t\t\t<figcaption class=\"widget-image-caption wp-caption-text\">Myndtexti<\/figcaption>\n\t\t\t\t\t\t\t\t\t\t<\/figure>\n\t\t\t\t\t\t\t\t\t<\/div>\n\t\t\t\t<\/div>\n\t\t\t\t\t<\/div>\n\t\t<\/div>\n\t\t\t\t\t\t\t<\/div>\n\t\t<\/section>\n\t\t\t\t\t\t\t<\/div>\n\t\t","protected":false},"excerpt":{"rendered":"<p>N\u00e1msmarkmi\u00f0 A\u00f0 gera stj\u00f3rnendur me\u00f0vita\u00f0ri um s\u00edna t\u00edmastj\u00f3rnun og vinnuskipulag \u00e1samt\u00fev\u00ed a\u00f0 vekja \u00fe\u00e1 til umhugsunar um hvernig \u00feeir st\u00fdra s\u00ednu starfsf\u00f3lki, me\u00f0 \u00fea\u00f0 a\u00f0markmi\u00f0i a\u00f0 gera \u00fe\u00e1 a\u00f0 \u00f6flugri stj\u00f3rnendum me\u00f0 betri stj\u00f3rnun \u00e1 t\u00edma s\u00ednum og starfsf\u00f3lki. &nbsp;N\u00e1mskei\u00f0sl\u00fdsing N\u00e1mskei\u00f0 er tv\u00edskipt.&nbsp; Fyrri parturinn sn\u00fdr a\u00f0 eiginstj\u00f3rnun, hvernig vi\u00f0 st\u00fdrum vinnu okkar, verkefnum og [&hellip;]<\/p>\n","protected":false},"author":1,"featured_media":0,"parent":0,"menu_order":0,"comment_status":"closed","ping_status":"closed","template":"elementor_header_footer","meta":{"footnotes":""},"class_list":["post-582","page","type-page","status-publish","hentry"],"_links":{"self":[{"href":"https:\/\/rmradgjof.is\/index.php\/wp-json\/wp\/v2\/pages\/582","targetHints":{"allow":["GET"]}}],"collection":[{"href":"https:\/\/rmradgjof.is\/index.php\/wp-json\/wp\/v2\/pages"}],"about":[{"href":"https:\/\/rmradgjof.is\/index.php\/wp-json\/wp\/v2\/types\/page"}],"author":[{"embeddable":true,"href":"https:\/\/rmradgjof.is\/index.php\/wp-json\/wp\/v2\/users\/1"}],"replies":[{"embeddable":true,"href":"https:\/\/rmradgjof.is\/index.php\/wp-json\/wp\/v2\/comments?post=582"}],"version-history":[{"count":13,"href":"https:\/\/rmradgjof.is\/index.php\/wp-json\/wp\/v2\/pages\/582\/revisions"}],"predecessor-version":[{"id":1140,"href":"https:\/\/rmradgjof.is\/index.php\/wp-json\/wp\/v2\/pages\/582\/revisions\/1140"}],"wp:attachment":[{"href":"https:\/\/rmradgjof.is\/index.php\/wp-json\/wp\/v2\/media?parent=582"}],"curies":[{"name":"wp","href":"https:\/\/api.w.org\/{rel}","templated":true}]}}