{"id":566,"date":"2022-10-17T15:31:17","date_gmt":"2022-10-17T15:31:17","guid":{"rendered":"https:\/\/dev.rmradgjof.is\/?page_id=566"},"modified":"2022-11-01T11:48:13","modified_gmt":"2022-11-01T11:48:13","slug":"samskiptanamskeid","status":"publish","type":"page","link":"https:\/\/rmradgjof.is\/index.php\/samskiptanamskeid\/","title":{"rendered":"SAMSKIPTAN\u00c1MSKEI\u00d0"},"content":{"rendered":"\t\t<div data-elementor-type=\"wp-page\" data-elementor-id=\"566\" class=\"elementor elementor-566\">\n\t\t\t\t\t\t\t\t\t<section class=\"elementor-section elementor-top-section elementor-element elementor-element-b12c33c elementor-section-boxed elementor-section-height-default elementor-section-height-default\" data-id=\"b12c33c\" data-element_type=\"section\">\n\t\t\t\t\t\t<div class=\"elementor-container elementor-column-gap-default\">\n\t\t\t\t\t<div class=\"elementor-column elementor-col-50 elementor-top-column elementor-element elementor-element-6365316\" data-id=\"6365316\" data-element_type=\"column\">\n\t\t\t<div class=\"elementor-widget-wrap elementor-element-populated\">\n\t\t\t\t\t\t\t\t<div class=\"elementor-element elementor-element-37e44e6 elementor-widget elementor-widget-text-editor\" data-id=\"37e44e6\" data-element_type=\"widget\" data-widget_type=\"text-editor.default\">\n\t\t\t\t<div class=\"elementor-widget-container\">\n\t\t\t<style>\/*! elementor - v3.17.0 - 08-11-2023 *\/\n.elementor-widget-text-editor.elementor-drop-cap-view-stacked .elementor-drop-cap{background-color:#69727d;color:#fff}.elementor-widget-text-editor.elementor-drop-cap-view-framed .elementor-drop-cap{color:#69727d;border:3px solid;background-color:transparent}.elementor-widget-text-editor:not(.elementor-drop-cap-view-default) .elementor-drop-cap{margin-top:8px}.elementor-widget-text-editor:not(.elementor-drop-cap-view-default) .elementor-drop-cap-letter{width:1em;height:1em}.elementor-widget-text-editor .elementor-drop-cap{float:left;text-align:center;line-height:1;font-size:50px}.elementor-widget-text-editor .elementor-drop-cap-letter{display:inline-block}<\/style>\t\t\t\t<h5>N\u00c1MSMARKMI\u00d0<\/h5><p>A\u00f0 gera f\u00f3lk me\u00f0vita\u00f0 um hva\u00f0a \u00e1hrif \u00fea\u00f0 hefur sem einstaklingar \u00e1 samskiptin \u00e1 s\u00ednum vinnusta\u00f0. A\u00f0 vekja f\u00f3lk til umhugsunar um hvernig \u00fea\u00f0 getur veri\u00f0 me\u00f0vita\u00f0ra um sj\u00e1lft sig og a\u00f0ra og \u00e1 \u00feann h\u00e1tt b\u00e6tt samskipti og l\u00ed\u00f0an \u00e1 vinnusta\u00f0num.<\/p><h5>KENNSLUFORM<\/h5><p>Fyrirlestur, umr\u00e6\u00f0ur, verkefni, d\u00e6mis\u00f6gur og myndskei\u00f0.<\/p><h5>LENGD N\u00c1MSKEI\u00d0S<\/h5><p>N\u00e1mskei\u00f0i\u00f0 er eftir \u00f3skum 3 e\u00f0a 6 klst.<\/p><h5>N\u00c1MSKEI\u00d0SL\u00ddSING<\/h5><p>\u00c1 \u00feessu n\u00e1mskei\u00f0i er fari\u00f0 yfir \u00fdmis atri\u00f0i er var\u00f0a l\u00ed\u00f0an og samskipti \u00e1 vinnusta\u00f0. Fjalla\u00f0 er um vi\u00f0horf, sj\u00e1lfstraust og gildi. Einnig er fjalla\u00f0 um vinnusta\u00f0amenningu, bo\u00f0lei\u00f0ir, erfi\u00f0 samskipti, virka hlustun, hvatningu, gagnr\u00fdni og hr\u00f3s.<\/p><p>M\u00f6gulegt er a\u00f0 b\u00e6ta efni inn \u00ed n\u00e1mskei\u00f0i\u00f0, svo sem markmi\u00f0asetningu, t\u00edmastj\u00f3rnun, vinnuskipulagi og fleiri lei\u00f0um til aukins \u00e1rangurs \u00e1 vinnusta\u00f0num.<\/p><h5>LEI\u00d0BEINANDI<\/h5><p>Ragnar Matth\u00edasson mannau\u00f0sr\u00e1\u00f0gjafi \u2013 MBA og MSc. \u00ed mannau\u00f0sstj\u00f3rnun. Ragnar hefur v\u00ed\u00f0t\u00e6ka reynslu af n\u00e1mskei\u00f0ahaldi og r\u00e1\u00f0gj\u00f6f. Hann hefur unni\u00f0 fyrir fj\u00f6lda fyrirt\u00e6kja af \u00fdmsum st\u00e6r\u00f0um og ger\u00f0um.<\/p><h3><a href=\"https:\/\/rmradgjof.is\/index.php\/elementor-712\/\">Haf\u00f0u samband<\/a> og f\u00e1\u00f0u n\u00e1nari uppl\u00fdsingar um hva\u00f0 hentar \u00fe\u00ednum vinnusta\u00f0<\/h3>\t\t\t\t\t\t<\/div>\n\t\t\t\t<\/div>\n\t\t\t\t\t<\/div>\n\t\t<\/div>\n\t\t\t\t<div class=\"elementor-column elementor-col-50 elementor-top-column elementor-element elementor-element-9b67b95\" data-id=\"9b67b95\" data-element_type=\"column\">\n\t\t\t<div class=\"elementor-widget-wrap elementor-element-populated\">\n\t\t\t\t\t\t\t\t<div class=\"elementor-element elementor-element-70bd269 elementor-widget elementor-widget-image\" data-id=\"70bd269\" data-element_type=\"widget\" data-widget_type=\"image.default\">\n\t\t\t\t<div class=\"elementor-widget-container\">\n\t\t\t<style>\/*! elementor - v3.17.0 - 08-11-2023 *\/\n.elementor-widget-image{text-align:center}.elementor-widget-image a{display:inline-block}.elementor-widget-image a img[src$=\".svg\"]{width:48px}.elementor-widget-image img{vertical-align:middle;display:inline-block}<\/style>\t\t\t\t\t\t\t\t\t<figure class=\"wp-caption\">\n\t\t\t\t\t\t\t\t\t\t<img loading=\"lazy\" decoding=\"async\" width=\"800\" height=\"534\" src=\"https:\/\/rmradgjof.is\/wp-content\/uploads\/2022\/10\/THG_M222_08-1024x683.png\" class=\"attachment-large size-large wp-image-1392\" alt=\"\" srcset=\"https:\/\/rmradgjof.is\/wp-content\/uploads\/2022\/10\/THG_M222_08-1024x683.png 1024w, https:\/\/rmradgjof.is\/wp-content\/uploads\/2022\/10\/THG_M222_08-300x200.png 300w, https:\/\/rmradgjof.is\/wp-content\/uploads\/2022\/10\/THG_M222_08-768x512.png 768w, https:\/\/rmradgjof.is\/wp-content\/uploads\/2022\/10\/THG_M222_08-1536x1024.png 1536w, https:\/\/rmradgjof.is\/wp-content\/uploads\/2022\/10\/THG_M222_08-2048x1365.png 2048w\" sizes=\"auto, (max-width: 800px) 100vw, 800px\" \/>\t\t\t\t\t\t\t\t\t\t\t<figcaption class=\"widget-image-caption wp-caption-text\">N\u00e1mskei\u00f0 um samskipti \u00e1 vinnusta\u00f0<\/figcaption>\n\t\t\t\t\t\t\t\t\t\t<\/figure>\n\t\t\t\t\t\t\t\t\t<\/div>\n\t\t\t\t<\/div>\n\t\t\t\t\t<\/div>\n\t\t<\/div>\n\t\t\t\t\t\t\t<\/div>\n\t\t<\/section>\n\t\t\t\t\t\t\t<\/div>\n\t\t","protected":false},"excerpt":{"rendered":"<p>N\u00c1MSMARKMI\u00d0 A\u00f0 gera f\u00f3lk me\u00f0vita\u00f0 um hva\u00f0a \u00e1hrif \u00fea\u00f0 hefur sem einstaklingar \u00e1 samskiptin \u00e1 s\u00ednum vinnusta\u00f0. A\u00f0 vekja f\u00f3lk til umhugsunar um hvernig \u00fea\u00f0 getur veri\u00f0 me\u00f0vita\u00f0ra um sj\u00e1lft sig og a\u00f0ra og \u00e1 \u00feann h\u00e1tt b\u00e6tt samskipti og l\u00ed\u00f0an \u00e1 vinnusta\u00f0num. KENNSLUFORM Fyrirlestur, umr\u00e6\u00f0ur, verkefni, d\u00e6mis\u00f6gur og myndskei\u00f0. LENGD N\u00c1MSKEI\u00d0S N\u00e1mskei\u00f0i\u00f0 er eftir [&hellip;]<\/p>\n","protected":false},"author":1,"featured_media":0,"parent":0,"menu_order":0,"comment_status":"closed","ping_status":"closed","template":"elementor_header_footer","meta":{"footnotes":""},"class_list":["post-566","page","type-page","status-publish","hentry"],"_links":{"self":[{"href":"https:\/\/rmradgjof.is\/index.php\/wp-json\/wp\/v2\/pages\/566","targetHints":{"allow":["GET"]}}],"collection":[{"href":"https:\/\/rmradgjof.is\/index.php\/wp-json\/wp\/v2\/pages"}],"about":[{"href":"https:\/\/rmradgjof.is\/index.php\/wp-json\/wp\/v2\/types\/page"}],"author":[{"embeddable":true,"href":"https:\/\/rmradgjof.is\/index.php\/wp-json\/wp\/v2\/users\/1"}],"replies":[{"embeddable":true,"href":"https:\/\/rmradgjof.is\/index.php\/wp-json\/wp\/v2\/comments?post=566"}],"version-history":[{"count":38,"href":"https:\/\/rmradgjof.is\/index.php\/wp-json\/wp\/v2\/pages\/566\/revisions"}],"predecessor-version":[{"id":1516,"href":"https:\/\/rmradgjof.is\/index.php\/wp-json\/wp\/v2\/pages\/566\/revisions\/1516"}],"wp:attachment":[{"href":"https:\/\/rmradgjof.is\/index.php\/wp-json\/wp\/v2\/media?parent=566"}],"curies":[{"name":"wp","href":"https:\/\/api.w.org\/{rel}","templated":true}]}}