{"id":234,"date":"2021-12-22T11:12:00","date_gmt":"2021-12-22T11:12:00","guid":{"rendered":"https:\/\/dev.rmradgjof.is\/?page_id=234"},"modified":"2021-12-22T11:16:17","modified_gmt":"2021-12-22T11:16:17","slug":"gildi-fyrirtaekisins","status":"publish","type":"page","link":"https:\/\/rmradgjof.is\/index.php\/gildi-fyrirtaekisins\/","title":{"rendered":"Gildi fyrirt\u00e6kisins"},"content":{"rendered":"\t\t<div data-elementor-type=\"wp-page\" data-elementor-id=\"234\" class=\"elementor elementor-234\">\n\t\t\t\t\t\t\t\t\t<section class=\"elementor-section elementor-top-section elementor-element elementor-element-07e5b68 elementor-section-full_width elementor-section-height-default elementor-section-height-default\" data-id=\"07e5b68\" data-element_type=\"section\" data-settings=\"{&quot;background_background&quot;:&quot;classic&quot;}\">\n\t\t\t\t\t\t\t<div class=\"elementor-background-overlay\"><\/div>\n\t\t\t\t\t\t\t<div class=\"elementor-container elementor-column-gap-no\">\n\t\t\t\t\t<div class=\"elementor-column elementor-col-100 elementor-top-column elementor-element elementor-element-a87f37b\" data-id=\"a87f37b\" data-element_type=\"column\">\n\t\t\t<div class=\"elementor-widget-wrap elementor-element-populated\">\n\t\t\t\t\t\t\t\t<section class=\"elementor-section elementor-inner-section elementor-element elementor-element-778f5bb elementor-section-boxed elementor-section-height-default elementor-section-height-default\" data-id=\"778f5bb\" data-element_type=\"section\">\n\t\t\t\t\t\t<div class=\"elementor-container elementor-column-gap-default\">\n\t\t\t\t\t<div class=\"elementor-column elementor-col-50 elementor-inner-column elementor-element elementor-element-b09c90d\" data-id=\"b09c90d\" data-element_type=\"column\">\n\t\t\t<div class=\"elementor-widget-wrap elementor-element-populated\">\n\t\t\t\t\t\t\t\t<div class=\"elementor-element elementor-element-e39ad64 elementor-invisible elementor-widget elementor-widget-image\" data-id=\"e39ad64\" data-element_type=\"widget\" data-settings=\"{&quot;_animation&quot;:&quot;fadeInLeft&quot;}\" data-widget_type=\"image.default\">\n\t\t\t\t<div class=\"elementor-widget-container\">\n\t\t\t<style>\/*! elementor - v3.17.0 - 08-11-2023 *\/\n.elementor-widget-image{text-align:center}.elementor-widget-image a{display:inline-block}.elementor-widget-image a img[src$=\".svg\"]{width:48px}.elementor-widget-image img{vertical-align:middle;display:inline-block}<\/style>\t\t\t\t\t\t\t\t\t\t\t\t<img loading=\"lazy\" decoding=\"async\" width=\"286\" height=\"279\" src=\"https:\/\/rmradgjof.is\/wp-content\/uploads\/2021\/12\/684583_90397024749740dbb3052fe56b82373e_mv2_d_1484_1448_s_2.webp\" class=\"attachment-full size-full wp-image-236\" alt=\"\" \/>\t\t\t\t\t\t\t\t\t\t\t\t\t\t\t<\/div>\n\t\t\t\t<\/div>\n\t\t\t\t\t<\/div>\n\t\t<\/div>\n\t\t\t\t<div class=\"elementor-column elementor-col-50 elementor-inner-column elementor-element elementor-element-faf7535\" data-id=\"faf7535\" data-element_type=\"column\">\n\t\t\t<div class=\"elementor-widget-wrap elementor-element-populated\">\n\t\t\t\t\t\t\t\t<div class=\"elementor-element elementor-element-cad1c5a elementor-invisible elementor-widget elementor-widget-text-editor\" data-id=\"cad1c5a\" data-element_type=\"widget\" data-settings=\"{&quot;_animation&quot;:&quot;fadeIn&quot;}\" data-widget_type=\"text-editor.default\">\n\t\t\t\t<div class=\"elementor-widget-container\">\n\t\t\t<style>\/*! elementor - v3.17.0 - 08-11-2023 *\/\n.elementor-widget-text-editor.elementor-drop-cap-view-stacked .elementor-drop-cap{background-color:#69727d;color:#fff}.elementor-widget-text-editor.elementor-drop-cap-view-framed .elementor-drop-cap{color:#69727d;border:3px solid;background-color:transparent}.elementor-widget-text-editor:not(.elementor-drop-cap-view-default) .elementor-drop-cap{margin-top:8px}.elementor-widget-text-editor:not(.elementor-drop-cap-view-default) .elementor-drop-cap-letter{width:1em;height:1em}.elementor-widget-text-editor .elementor-drop-cap{float:left;text-align:center;line-height:1;font-size:50px}.elementor-widget-text-editor .elementor-drop-cap-letter{display:inline-block}<\/style>\t\t\t\t<p class=\"font_8\">\u00dea\u00f0 er \u00f6llum nau\u00f0synlegt b\u00e6\u00f0i einstaklingum og fyrirt\u00e6kjum a\u00f0 skilgreina sig og vita fyrir hva\u00f0 ma\u00f0ur stendur. Gott er a\u00f0 nota gildi til \u00feess, \u00feau geta skilgreint fyrir hva\u00f0 fyrirt\u00e6ki\u00f0 stendur b\u00e6\u00f0i inn \u00e1 vi\u00f0 og \u00fat \u00e1 vi\u00f0 og veri\u00f0 starfsm\u00f6nnum og fyrirt\u00e6kinu lei\u00f0arlj\u00f3s \u00ed allri starfsemi.<\/p><p class=\"font_8\"><span class=\"wixGuard\">\u200b<\/span><\/p><p class=\"font_8\">R\u00e1\u00f0gj\u00f6fin felst \u00ed \u00fev\u00ed a\u00f0 endursko\u00f0a og vinna me\u00f0 n\u00faverandi gildi fyrirt\u00e6kisins e\u00f0a innlei\u00f0a n\u00fd. L\u00f6g\u00f0 er \u00e1hersla \u00e1 a\u00f0 sem flestir starfsmenn komi a\u00f0 vinnunni \u00e1 einhverjum t\u00edmapunkti. Algengast er a\u00f0 vinna me\u00f0 gildi \u00e1 vinnufundum me\u00f0 starfsf\u00f3lki eftir \u00e1kve\u00f0inni a\u00f0fer\u00f0afr\u00e6\u00f0i.\u00a0<\/p><p class=\"font_8\"><span class=\"wixGuard\">\u200b<\/span><\/p><p class=\"font_8\">N\u00e1nari uppl\u00fdsingar um fyrirkomulag r\u00e1\u00f0gjafar e\u00f0a s\u00e9rstakar \u00f3skir um tilh\u00f6gun f\u00e1st \u00ed s\u00edma 8983851.<\/p>\t\t\t\t\t\t<\/div>\n\t\t\t\t<\/div>\n\t\t\t\t\t<\/div>\n\t\t<\/div>\n\t\t\t\t\t\t\t<\/div>\n\t\t<\/section>\n\t\t\t\t\t<\/div>\n\t\t<\/div>\n\t\t\t\t\t\t\t<\/div>\n\t\t<\/section>\n\t\t\t\t\t\t\t<\/div>\n\t\t","protected":false},"excerpt":{"rendered":"<p>\u00dea\u00f0 er \u00f6llum nau\u00f0synlegt b\u00e6\u00f0i einstaklingum og fyrirt\u00e6kjum a\u00f0 skilgreina sig og vita fyrir hva\u00f0 ma\u00f0ur stendur. Gott er a\u00f0 nota gildi til \u00feess, \u00feau geta skilgreint fyrir hva\u00f0 fyrirt\u00e6ki\u00f0 stendur b\u00e6\u00f0i inn \u00e1 vi\u00f0 og \u00fat \u00e1 vi\u00f0 og veri\u00f0 starfsm\u00f6nnum og fyrirt\u00e6kinu lei\u00f0arlj\u00f3s \u00ed allri starfsemi. \u200b R\u00e1\u00f0gj\u00f6fin felst \u00ed \u00fev\u00ed a\u00f0 endursko\u00f0a [&hellip;]<\/p>\n","protected":false},"author":1,"featured_media":0,"parent":0,"menu_order":0,"comment_status":"closed","ping_status":"closed","template":"elementor_header_footer","meta":{"footnotes":""},"class_list":["post-234","page","type-page","status-publish","hentry"],"_links":{"self":[{"href":"https:\/\/rmradgjof.is\/index.php\/wp-json\/wp\/v2\/pages\/234","targetHints":{"allow":["GET"]}}],"collection":[{"href":"https:\/\/rmradgjof.is\/index.php\/wp-json\/wp\/v2\/pages"}],"about":[{"href":"https:\/\/rmradgjof.is\/index.php\/wp-json\/wp\/v2\/types\/page"}],"author":[{"embeddable":true,"href":"https:\/\/rmradgjof.is\/index.php\/wp-json\/wp\/v2\/users\/1"}],"replies":[{"embeddable":true,"href":"https:\/\/rmradgjof.is\/index.php\/wp-json\/wp\/v2\/comments?post=234"}],"version-history":[{"count":8,"href":"https:\/\/rmradgjof.is\/index.php\/wp-json\/wp\/v2\/pages\/234\/revisions"}],"predecessor-version":[{"id":469,"href":"https:\/\/rmradgjof.is\/index.php\/wp-json\/wp\/v2\/pages\/234\/revisions\/469"}],"wp:attachment":[{"href":"https:\/\/rmradgjof.is\/index.php\/wp-json\/wp\/v2\/media?parent=234"}],"curies":[{"name":"wp","href":"https:\/\/api.w.org\/{rel}","templated":true}]}}