{"id":209,"date":"2021-12-22T10:01:14","date_gmt":"2021-12-22T10:01:14","guid":{"rendered":"https:\/\/dev.rmradgjof.is\/?page_id=209"},"modified":"2021-12-22T10:22:06","modified_gmt":"2021-12-22T10:22:06","slug":"gerd-starfslysinga","status":"publish","type":"page","link":"https:\/\/rmradgjof.is\/index.php\/gerd-starfslysinga\/","title":{"rendered":"Ger\u00f0 starfsl\u00fdsinga"},"content":{"rendered":"\t\t<div data-elementor-type=\"wp-page\" data-elementor-id=\"209\" class=\"elementor elementor-209\">\n\t\t\t\t\t\t\t\t\t<section class=\"elementor-section elementor-top-section elementor-element elementor-element-9e9368a elementor-section-full_width elementor-section-height-default elementor-section-height-default\" data-id=\"9e9368a\" data-element_type=\"section\" data-settings=\"{&quot;background_background&quot;:&quot;classic&quot;}\">\n\t\t\t\t\t\t\t<div class=\"elementor-background-overlay\"><\/div>\n\t\t\t\t\t\t\t<div class=\"elementor-container elementor-column-gap-no\">\n\t\t\t\t\t<div class=\"elementor-column elementor-col-100 elementor-top-column elementor-element elementor-element-cfdfbe1\" data-id=\"cfdfbe1\" data-element_type=\"column\">\n\t\t\t<div class=\"elementor-widget-wrap elementor-element-populated\">\n\t\t\t\t\t\t\t\t<section class=\"elementor-section elementor-inner-section elementor-element elementor-element-9036238 elementor-section-boxed elementor-section-height-default elementor-section-height-default\" data-id=\"9036238\" data-element_type=\"section\">\n\t\t\t\t\t\t<div class=\"elementor-container elementor-column-gap-default\">\n\t\t\t\t\t<div class=\"elementor-column elementor-col-50 elementor-inner-column elementor-element elementor-element-2137ecf\" data-id=\"2137ecf\" data-element_type=\"column\">\n\t\t\t<div class=\"elementor-widget-wrap elementor-element-populated\">\n\t\t\t\t\t\t\t\t<div class=\"elementor-element elementor-element-f368548 elementor-invisible elementor-widget elementor-widget-image\" data-id=\"f368548\" data-element_type=\"widget\" data-settings=\"{&quot;_animation&quot;:&quot;fadeInLeft&quot;}\" data-widget_type=\"image.default\">\n\t\t\t\t<div class=\"elementor-widget-container\">\n\t\t\t<style>\/*! elementor - v3.17.0 - 08-11-2023 *\/\n.elementor-widget-image{text-align:center}.elementor-widget-image a{display:inline-block}.elementor-widget-image a img[src$=\".svg\"]{width:48px}.elementor-widget-image img{vertical-align:middle;display:inline-block}<\/style>\t\t\t\t\t\t\t\t\t\t\t\t<img decoding=\"async\" src=\"https:\/\/rmradgjof.is\/wp-content\/uploads\/2021\/12\/dark-blue-paint-patterned-background-2021-09-02-05-59-25-utc2-scaled.jpg\" title=\"dark-blue-paint-patterned-background-2021-09-02-05-59-25-utc2\" alt=\"dark-blue-paint-patterned-background-2021-09-02-05-59-25-utc2\" loading=\"lazy\" \/>\t\t\t\t\t\t\t\t\t\t\t\t\t\t\t<\/div>\n\t\t\t\t<\/div>\n\t\t\t\t\t<\/div>\n\t\t<\/div>\n\t\t\t\t<div class=\"elementor-column elementor-col-50 elementor-inner-column elementor-element elementor-element-83761ca\" data-id=\"83761ca\" data-element_type=\"column\">\n\t\t\t<div class=\"elementor-widget-wrap elementor-element-populated\">\n\t\t\t\t\t\t\t\t<div class=\"elementor-element elementor-element-cfb33f7 elementor-invisible elementor-widget elementor-widget-text-editor\" data-id=\"cfb33f7\" data-element_type=\"widget\" data-settings=\"{&quot;_animation&quot;:&quot;fadeIn&quot;}\" data-widget_type=\"text-editor.default\">\n\t\t\t\t<div class=\"elementor-widget-container\">\n\t\t\t<style>\/*! elementor - v3.17.0 - 08-11-2023 *\/\n.elementor-widget-text-editor.elementor-drop-cap-view-stacked .elementor-drop-cap{background-color:#69727d;color:#fff}.elementor-widget-text-editor.elementor-drop-cap-view-framed .elementor-drop-cap{color:#69727d;border:3px solid;background-color:transparent}.elementor-widget-text-editor:not(.elementor-drop-cap-view-default) .elementor-drop-cap{margin-top:8px}.elementor-widget-text-editor:not(.elementor-drop-cap-view-default) .elementor-drop-cap-letter{width:1em;height:1em}.elementor-widget-text-editor .elementor-drop-cap{float:left;text-align:center;line-height:1;font-size:50px}.elementor-widget-text-editor .elementor-drop-cap-letter{display:inline-block}<\/style>\t\t\t\t<p>Starfsl\u00fdsingar skilgreina hlutverk og \u00e1byrg\u00f0 starfsmanna fyrirt\u00e6kja og stofnana og s\u00fdna st\u00f6\u00f0u \u00feeirra \u00ed skipuriti fyrirt\u00e6kis. \u00dea\u00f0 er \u00fev\u00ed mikilv\u00e6gt a\u00f0 hafa \u00fe\u00e6r sem n\u00e1kv\u00e6mastar fyrir \u00f6ll st\u00f6rf. Starfsl\u00fdsingar eru nau\u00f0synlegar til a\u00f0 sk\u00fdra verkefni, \u00e1byrg\u00f0arsvi\u00f0 og h\u00e6fniskr\u00f6fur starfsmanna og einnig vi\u00f0 undirb\u00faning starfsmannasamtala. \u00de\u00e6r n\u00fdtast vel vi\u00f0 skilgreiningu starfa \u00feegar augl\u00fdst er eftir starfsf\u00f3lki og eru nau\u00f0synlegar vi\u00f0 jafnlaunavottun fyrirt\u00e6kja.<\/p><p>\u00a0<\/p><p>R\u00e1\u00f0gj\u00f6fin felst \u00ed \u00fev\u00ed a\u00f0 greina st\u00f6\u00f0u starfsl\u00fdsinga hj\u00e1 vi\u00f0komandi fyrirt\u00e6ki og \u00ed framhaldi af \u00fev\u00ed eru \u00fe\u00e6r \u00fdmist unnar fr\u00e1 grunni e\u00f0a byggt \u00e1 \u00feeim sem til eru, allt eftir a\u00f0st\u00e6\u00f0um hverju sinni.<\/p><p>\u00a0<\/p><p>N\u00e1nari uppl\u00fdsingar um fyrirkomulag r\u00e1\u00f0gjafar e\u00f0a s\u00e9rstakar \u00f3skir um tilh\u00f6gun f\u00e1st \u00ed s\u00edma 8983851.<\/p>\t\t\t\t\t\t<\/div>\n\t\t\t\t<\/div>\n\t\t\t\t\t<\/div>\n\t\t<\/div>\n\t\t\t\t\t\t\t<\/div>\n\t\t<\/section>\n\t\t\t\t\t<\/div>\n\t\t<\/div>\n\t\t\t\t\t\t\t<\/div>\n\t\t<\/section>\n\t\t\t\t\t\t\t<\/div>\n\t\t","protected":false},"excerpt":{"rendered":"<p>Starfsl\u00fdsingar skilgreina hlutverk og \u00e1byrg\u00f0 starfsmanna fyrirt\u00e6kja og stofnana og s\u00fdna st\u00f6\u00f0u \u00feeirra \u00ed skipuriti fyrirt\u00e6kis. \u00dea\u00f0 er \u00fev\u00ed mikilv\u00e6gt a\u00f0 hafa \u00fe\u00e6r sem n\u00e1kv\u00e6mastar fyrir \u00f6ll st\u00f6rf. Starfsl\u00fdsingar eru nau\u00f0synlegar til a\u00f0 sk\u00fdra verkefni, \u00e1byrg\u00f0arsvi\u00f0 og h\u00e6fniskr\u00f6fur starfsmanna og einnig vi\u00f0 undirb\u00faning starfsmannasamtala. \u00de\u00e6r n\u00fdtast vel vi\u00f0 skilgreiningu starfa \u00feegar augl\u00fdst er eftir starfsf\u00f3lki [&hellip;]<\/p>\n","protected":false},"author":1,"featured_media":0,"parent":0,"menu_order":0,"comment_status":"closed","ping_status":"closed","template":"elementor_header_footer","meta":{"footnotes":""},"class_list":["post-209","page","type-page","status-publish","hentry"],"_links":{"self":[{"href":"https:\/\/rmradgjof.is\/index.php\/wp-json\/wp\/v2\/pages\/209","targetHints":{"allow":["GET"]}}],"collection":[{"href":"https:\/\/rmradgjof.is\/index.php\/wp-json\/wp\/v2\/pages"}],"about":[{"href":"https:\/\/rmradgjof.is\/index.php\/wp-json\/wp\/v2\/types\/page"}],"author":[{"embeddable":true,"href":"https:\/\/rmradgjof.is\/index.php\/wp-json\/wp\/v2\/users\/1"}],"replies":[{"embeddable":true,"href":"https:\/\/rmradgjof.is\/index.php\/wp-json\/wp\/v2\/comments?post=209"}],"version-history":[{"count":6,"href":"https:\/\/rmradgjof.is\/index.php\/wp-json\/wp\/v2\/pages\/209\/revisions"}],"predecessor-version":[{"id":229,"href":"https:\/\/rmradgjof.is\/index.php\/wp-json\/wp\/v2\/pages\/209\/revisions\/229"}],"wp:attachment":[{"href":"https:\/\/rmradgjof.is\/index.php\/wp-json\/wp\/v2\/media?parent=209"}],"curies":[{"name":"wp","href":"https:\/\/api.w.org\/{rel}","templated":true}]}}