{"id":1744,"date":"2023-04-27T13:26:25","date_gmt":"2023-04-27T13:26:25","guid":{"rendered":"https:\/\/rmradgjof.is\/?page_id=1744"},"modified":"2023-04-27T13:26:59","modified_gmt":"2023-04-27T13:26:59","slug":"anamskeid","status":"publish","type":"page","link":"https:\/\/rmradgjof.is\/index.php\/anamskeid\/","title":{"rendered":"anamskeid"},"content":{"rendered":"\t\t<div data-elementor-type=\"wp-page\" data-elementor-id=\"1744\" class=\"elementor elementor-1744\">\n\t\t\t\t\t\t\t\t\t<section class=\"elementor-section elementor-top-section elementor-element elementor-element-4fa6d8de elementor-section-boxed elementor-section-height-default elementor-section-height-default\" data-id=\"4fa6d8de\" data-element_type=\"section\">\n\t\t\t\t\t\t<div class=\"elementor-container elementor-column-gap-default\">\n\t\t\t\t\t<div class=\"elementor-column elementor-col-50 elementor-top-column elementor-element elementor-element-7cb9b83b\" data-id=\"7cb9b83b\" data-element_type=\"column\">\n\t\t\t<div class=\"elementor-widget-wrap elementor-element-populated\">\n\t\t\t\t\t\t\t\t<div class=\"elementor-element elementor-element-4dd98afb elementor-widget elementor-widget-text-editor\" data-id=\"4dd98afb\" data-element_type=\"widget\" data-widget_type=\"text-editor.default\">\n\t\t\t\t<div class=\"elementor-widget-container\">\n\t\t\t<style>\/*! elementor - v3.17.0 - 08-11-2023 *\/\n.elementor-widget-text-editor.elementor-drop-cap-view-stacked .elementor-drop-cap{background-color:#69727d;color:#fff}.elementor-widget-text-editor.elementor-drop-cap-view-framed .elementor-drop-cap{color:#69727d;border:3px solid;background-color:transparent}.elementor-widget-text-editor:not(.elementor-drop-cap-view-default) .elementor-drop-cap{margin-top:8px}.elementor-widget-text-editor:not(.elementor-drop-cap-view-default) .elementor-drop-cap-letter{width:1em;height:1em}.elementor-widget-text-editor .elementor-drop-cap{float:left;text-align:center;line-height:1;font-size:50px}.elementor-widget-text-editor .elementor-drop-cap-letter{display:inline-block}<\/style>\t\t\t\t<h5>N\u00e1msmarkmi\u00f0<\/h5><p>H\u00e9r er h\u00e6gt a\u00f0 skrifa og breyta\u00a0<\/p><h5>Kennsluform<\/h5><p>Fyrirlestur, umr\u00e6\u00f0ur, verkefni, d\u00e6mis\u00f6gur og myndskei\u00f0.<\/p><h5>Lengd n\u00e1mskei\u00f0<\/h5><p>2 skipti, 3sssst\u00edmar \u00ed senn.<\/p><h5>N\u00e1mskei\u00f0sl\u00fdsing<\/h5><p>N\u00e1mskei\u00f0i\u00f0 er tv\u00edskipt.<\/p><p>\u00a0<\/p><p>Fyrri hluti:<\/p><p>Fari\u00f0 er yfir innri starf fyrirt\u00e6kisins \u00ed samr\u00e1\u00f0i vi\u00f0 vi\u00f0komandi fyrirt\u00e6ki, s.s. gildi, stefnu og innihald starfsmannahandb\u00f3kar.<\/p><p>\u00c1hersla \u00e1 a\u00f0 Mentorar\/f\u00f3strar kynni fyrirt\u00e6ki\u00f0 \u00e1 j\u00e1kv\u00e6\u00f0an h\u00e1tt fyrir n\u00fdli\u00f0um.<\/p><p>Hvernig g\u00f3\u00f0 n\u00fdli\u00f0am\u00f3ttaka getur dregi\u00f0 \u00far starfsmannaveltu.<\/p><p>Fari\u00f0 er \u00ed \u00fe\u00e1 \u00fe\u00e6tti sem stu\u00f0la a\u00f0 \u00fev\u00ed a\u00f0 \u00feekking og styrkleikar n\u00fdli\u00f0ans n\u00fdtast sem fyrst \u00ed starfi.<\/p><p>S\u00e1lfr\u00e6\u00f0ilegi samningurinn tekinn fyrir, \u00fe.e. hverjar eru v\u00e6ntingar n\u00fdli\u00f0ans annarsvegar og fyrirt\u00e6kisins hinsvegar.<\/p><h5>Seinni hluti:<\/h5><p>\u00c1hersla er \u00e1 a\u00f0 efla \u00fe\u00e1 einstaklinga sem sj\u00e1 um m\u00f3tt\u00f6ku n\u00fdli\u00f0a og m.a unni\u00f0 me\u00f0 eftirfarandi \u00fe\u00e6tti:<\/p><ul><li>Hvatningu<\/li><li>Samskipti<\/li><li>Samr\u00e6\u00f0uform<\/li><li>Jafningjastj\u00f3rnun<\/li><li>Mi\u00f0lun uppl\u00fdsinga<\/li><li>\u00dej\u00f3nustulund<\/li><li>Samspil \u00e1rangurs og gle\u00f0i \u00ed starfi<\/li><li>Starfs\u00e1n\u00e6gju<\/li><li>Sj\u00e1lfstraust<\/li><\/ul><h5>\u00a0<\/h5><h5>Lei\u00f0beinandi<\/h5><p>Ragnar Matth\u00edasson mannau\u00f0sr\u00e1\u00f0gjafi \u2013 MBA og MSc. \u00ed mannau\u00f0sstj\u00f3rnun.<\/p><p>Ragnar hefur v\u00ed\u00f0t\u00e6ka reynslu af n\u00e1mskei\u00f0ahaldi og r\u00e1\u00f0gj\u00f6f. Hann hefur unni\u00f0 fyrir fj\u00f6lda fyrirt\u00e6kja af \u00fdmsum st\u00e6r\u00f0um og ger\u00f0um.<\/p><h3><a href=\"https:\/\/rmradgjof.is\/index.php\/elementor-712\/\">Haf\u00f0u samband<\/a> og f\u00e1\u00f0u n\u00e1nari uppl\u00fdsingar um hva\u00f0 hentar \u00fe\u00ednum vinnusta\u00f0<\/h3>\t\t\t\t\t\t<\/div>\n\t\t\t\t<\/div>\n\t\t\t\t<div class=\"elementor-element elementor-element-877e409 elementor-widget elementor-widget-text-editor\" data-id=\"877e409\" data-element_type=\"widget\" data-widget_type=\"text-editor.default\">\n\t\t\t\t<div class=\"elementor-widget-container\">\n\t\t\t\t\t\t\t<h5>N\u00e1msmarkmi\u00f0<\/h5>\n<p>H\u00e9r er h\u00e6gt a\u00f0 skrifa og breyta&nbsp;<\/p>\n<h5>Kennsluform<\/h5>\n<p>Fyrirlestur, umr\u00e6\u00f0ur, verkefni, d\u00e6mis\u00f6gur og myndskei\u00f0.<\/p>\n<h5>Lengd n\u00e1mskei\u00f0<\/h5>\n<p>2 skipti, 3sssst\u00edmar \u00ed senn.<\/p>\n<h5>N\u00e1mskei\u00f0sl\u00fdsing<\/h5>\n<p>N\u00e1mskei\u00f0i\u00f0 er tv\u00edskipt.<\/p>\n<h5>Fyrri hluti:<\/h5>\n<p>Fari\u00f0 er yfir innri starf fyrirt\u00e6kisins \u00ed samr\u00e1\u00f0i vi\u00f0 vi\u00f0komandi fyrirt\u00e6ki, s.s. gildi, stefnu og innihald starfsmannahandb\u00f3kar.<\/p>\n<p>\u00c1hersla \u00e1 a\u00f0 Mentorar\/f\u00f3strar kynni fyrirt\u00e6ki\u00f0 \u00e1 j\u00e1kv\u00e6\u00f0an h\u00e1tt fyrir n\u00fdli\u00f0um.<\/p>\n<p>Hvernig g\u00f3\u00f0 n\u00fdli\u00f0am\u00f3ttaka getur dregi\u00f0 \u00far starfsmannaveltu.<\/p>\n<p>Fari\u00f0 er \u00ed \u00fe\u00e1 \u00fe\u00e6tti sem stu\u00f0la a\u00f0 \u00fev\u00ed a\u00f0 \u00feekking og styrkleikar n\u00fdli\u00f0ans n\u00fdtast sem fyrst \u00ed starfi.<\/p>\n<p>S\u00e1lfr\u00e6\u00f0ilegi samningurinn tekinn fyrir, \u00fe.e. hverjar eru v\u00e6ntingar n\u00fdli\u00f0ans annarsvegar og fyrirt\u00e6kisins hinsvegar.<\/p>\n<h5>Seinni hluti:<\/h5>\n<p>\u00c1hersla er \u00e1 a\u00f0 efla \u00fe\u00e1 einstaklinga sem sj\u00e1 um m\u00f3tt\u00f6ku n\u00fdli\u00f0a og m.a unni\u00f0 me\u00f0 eftirfarandi \u00fe\u00e6tti:<\/p>\n<ul>\n<li>Hvatningu<\/li>\n<li>Samskipti<\/li>\n<li>Samr\u00e6\u00f0uform<\/li>\n<li>Jafningjastj\u00f3rnun<\/li>\n<li>Mi\u00f0lun uppl\u00fdsinga<\/li>\n<li>\u00dej\u00f3nustulund<\/li>\n<li>Samspil \u00e1rangurs og gle\u00f0i \u00ed starfi<\/li>\n<li>Starfs\u00e1n\u00e6gju<\/li>\n<li>Sj\u00e1lfstraust<\/li>\n<\/ul>\n<h5>&nbsp;<\/h5>\n<h5>Lei\u00f0beinandi<\/h5>\n<p>Ragnar Matth\u00edasson mannau\u00f0sr\u00e1\u00f0gjafi \u2013 MBA og MSc. \u00ed mannau\u00f0sstj\u00f3rnun.<\/p>\n<p>Ragnar hefur v\u00ed\u00f0t\u00e6ka reynslu af n\u00e1mskei\u00f0ahaldi og r\u00e1\u00f0gj\u00f6f. Hann hefur unni\u00f0 fyrir fj\u00f6lda fyrirt\u00e6kja af \u00fdmsum st\u00e6r\u00f0um og ger\u00f0um.<\/p>\n<h3><a href=\"https:\/\/rmradgjof.is\/index.php\/elementor-712\/\">Haf\u00f0u samband<\/a> og f\u00e1\u00f0u n\u00e1nari uppl\u00fdsingar um hva\u00f0 hentar \u00fe\u00ednum vinnusta\u00f0<\/h3>\t\t\t\t\t\t<\/div>\n\t\t\t\t<\/div>\n\t\t\t\t\t<\/div>\n\t\t<\/div>\n\t\t\t\t<div class=\"elementor-column elementor-col-50 elementor-top-column elementor-element elementor-element-6f8654f4\" data-id=\"6f8654f4\" data-element_type=\"column\">\n\t\t\t<div class=\"elementor-widget-wrap elementor-element-populated\">\n\t\t\t\t\t\t\t\t<div class=\"elementor-element elementor-element-5e6f6932 elementor-widget elementor-widget-image\" data-id=\"5e6f6932\" data-element_type=\"widget\" data-widget_type=\"image.default\">\n\t\t\t\t<div class=\"elementor-widget-container\">\n\t\t\t<style>\/*! elementor - v3.17.0 - 08-11-2023 *\/\n.elementor-widget-image{text-align:center}.elementor-widget-image a{display:inline-block}.elementor-widget-image a img[src$=\".svg\"]{width:48px}.elementor-widget-image img{vertical-align:middle;display:inline-block}<\/style>\t\t\t\t\t\t\t\t\t<figure class=\"wp-caption\">\n\t\t\t\t\t\t\t\t\t\t<img loading=\"lazy\" decoding=\"async\" width=\"800\" height=\"534\" src=\"https:\/\/rmradgjof.is\/wp-content\/uploads\/2022\/10\/TND_M276_06-1024x683.png\" class=\"attachment-large size-large wp-image-1394\" alt=\"\" srcset=\"https:\/\/rmradgjof.is\/wp-content\/uploads\/2022\/10\/TND_M276_06-1024x683.png 1024w, https:\/\/rmradgjof.is\/wp-content\/uploads\/2022\/10\/TND_M276_06-300x200.png 300w, https:\/\/rmradgjof.is\/wp-content\/uploads\/2022\/10\/TND_M276_06-768x512.png 768w, https:\/\/rmradgjof.is\/wp-content\/uploads\/2022\/10\/TND_M276_06-1536x1024.png 1536w, https:\/\/rmradgjof.is\/wp-content\/uploads\/2022\/10\/TND_M276_06-2048x1365.png 2048w\" sizes=\"auto, (max-width: 800px) 100vw, 800px\" \/>\t\t\t\t\t\t\t\t\t\t\t<figcaption class=\"widget-image-caption wp-caption-text\">Mentoran\u00e1mskei\u00f0<\/figcaption>\n\t\t\t\t\t\t\t\t\t\t<\/figure>\n\t\t\t\t\t\t\t\t\t<\/div>\n\t\t\t\t<\/div>\n\t\t\t\t\t<\/div>\n\t\t<\/div>\n\t\t\t\t\t\t\t<\/div>\n\t\t<\/section>\n\t\t\t\t\t\t\t<\/div>\n\t\t","protected":false},"excerpt":{"rendered":"<p>N\u00e1msmarkmi\u00f0 H\u00e9r er h\u00e6gt a\u00f0 skrifa og breyta\u00a0 Kennsluform Fyrirlestur, umr\u00e6\u00f0ur, verkefni, d\u00e6mis\u00f6gur og myndskei\u00f0. Lengd n\u00e1mskei\u00f0 2 skipti, 3sssst\u00edmar \u00ed senn. N\u00e1mskei\u00f0sl\u00fdsing N\u00e1mskei\u00f0i\u00f0 er tv\u00edskipt. \u00a0 Fyrri hluti: Fari\u00f0 er yfir innri starf fyrirt\u00e6kisins \u00ed samr\u00e1\u00f0i vi\u00f0 vi\u00f0komandi fyrirt\u00e6ki, s.s. gildi, stefnu og innihald starfsmannahandb\u00f3kar. \u00c1hersla \u00e1 a\u00f0 Mentorar\/f\u00f3strar kynni fyrirt\u00e6ki\u00f0 \u00e1 j\u00e1kv\u00e6\u00f0an h\u00e1tt [&hellip;]<\/p>\n","protected":false},"author":3,"featured_media":0,"parent":0,"menu_order":0,"comment_status":"closed","ping_status":"closed","template":"elementor_header_footer","meta":{"footnotes":""},"class_list":["post-1744","page","type-page","status-publish","hentry"],"_links":{"self":[{"href":"https:\/\/rmradgjof.is\/index.php\/wp-json\/wp\/v2\/pages\/1744","targetHints":{"allow":["GET"]}}],"collection":[{"href":"https:\/\/rmradgjof.is\/index.php\/wp-json\/wp\/v2\/pages"}],"about":[{"href":"https:\/\/rmradgjof.is\/index.php\/wp-json\/wp\/v2\/types\/page"}],"author":[{"embeddable":true,"href":"https:\/\/rmradgjof.is\/index.php\/wp-json\/wp\/v2\/users\/3"}],"replies":[{"embeddable":true,"href":"https:\/\/rmradgjof.is\/index.php\/wp-json\/wp\/v2\/comments?post=1744"}],"version-history":[{"count":4,"href":"https:\/\/rmradgjof.is\/index.php\/wp-json\/wp\/v2\/pages\/1744\/revisions"}],"predecessor-version":[{"id":1748,"href":"https:\/\/rmradgjof.is\/index.php\/wp-json\/wp\/v2\/pages\/1744\/revisions\/1748"}],"wp:attachment":[{"href":"https:\/\/rmradgjof.is\/index.php\/wp-json\/wp\/v2\/media?parent=1744"}],"curies":[{"name":"wp","href":"https:\/\/api.w.org\/{rel}","templated":true}]}}